{"id":5,"date":"2026-02-18T12:46:40","date_gmt":"2026-02-18T11:46:40","guid":{"rendered":"https:\/\/roos-consult.de\/?page_id=5"},"modified":"2026-02-19T13:46:16","modified_gmt":"2026-02-19T12:46:16","slug":"start","status":"publish","type":"page","link":"https:\/\/roos-consult.de\/?page_id=5","title":{"rendered":"Diagnostik-Manufaktur"},"content":{"rendered":"<p>[et_pb_section fb_built=&#8220;1&#8243; admin_label=&#8220;Header&#8220; _builder_version=&#8220;4.24.2&#8243; _module_preset=&#8220;default&#8220; use_background_color_gradient=&#8220;on&#8220; background_color_gradient_direction=&#8220;90deg&#8220; background_color_gradient_stops=&#8220;#292929 25%|rgba(0,0,0,0) 100%&#8220; background_color_gradient_overlays_image=&#8220;on&#8220; background_color_gradient_start=&#8220;#292929&#8243; background_color_gradient_start_position=&#8220;25%&#8220; background_color_gradient_end=&#8220;rgba(0,0,0,0)&#8220; background_image=&#8220;https:\/\/roos-consult.de\/wp-content\/uploads\/2026\/02\/roos-consult-diagnostik-manufaktur-teaser-1024&#215;269-1.jpg&#8220; custom_padding=&#8220;||0px||false|false&#8220; global_colors_info=&#8220;{}&#8220;][et_pb_row _builder_version=&#8220;4.16&#8243; _module_preset=&#8220;default&#8220; global_colors_info=&#8220;{}&#8220;][et_pb_column type=&#8220;4_4&#8243; _builder_version=&#8220;4.16&#8243; _module_preset=&#8220;default&#8220; global_colors_info=&#8220;{}&#8220;][et_pb_image src=&#8220;https:\/\/roos-consult.de\/wp-content\/uploads\/2026\/02\/logo_roos_white.png&#8220; title_text=&#8220;logo_roos_white&#8220; _builder_version=&#8220;4.24.2&#8243; _module_preset=&#8220;default&#8220; custom_margin=&#8220;||79px|||&#8220; global_colors_info=&#8220;{}&#8220;][\/et_pb_image][et_pb_text _builder_version=&#8220;4.27.5&#8243; _module_preset=&#8220;53fac924-1644-4f70-a8a0-435df3cf1c52&#8243; header_font=&#8220;ABeeZee|600|||||||&#8220; header_text_color=&#8220;#FFFFFF&#8220; header_font_size=&#8220;65px&#8220; header_line_height=&#8220;1.1em&#8220; width=&#8220;38%&#8220; width_tablet=&#8220;55%&#8220; width_phone=&#8220;49%&#8220; width_last_edited=&#8220;on|tablet&#8220; max_width=&#8220;670px&#8220; custom_margin=&#8220;|-320px||||&#8220; custom_padding=&#8220;|0px||||&#8220; header_font_size_tablet=&#8220;50px&#8220; header_font_size_phone=&#8220;24px&#8220; header_font_size_last_edited=&#8220;on|phone&#8220; locked=&#8220;off&#8220; global_colors_info=&#8220;{}&#8220;]<\/p>\n<h1>Diagnostik-Manufaktur<\/h1>\n<p>[\/et_pb_text][\/et_pb_column][\/et_pb_row][\/et_pb_section][et_pb_section fb_built=&#8220;1&#8243; admin_label=&#8220;Services&#8220; _builder_version=&#8220;4.24.2&#8243; _module_preset=&#8220;default&#8220; background_color=&#8220;#272e2e&#8220; custom_padding=&#8220;35px||28px|||&#8220; global_colors_info=&#8220;{}&#8220;][et_pb_row column_structure=&#8220;2_5,3_5&#8243; _builder_version=&#8220;4.16&#8243; _module_preset=&#8220;default&#8220; global_colors_info=&#8220;{}&#8220;][et_pb_column type=&#8220;2_5&#8243; _builder_version=&#8220;4.16&#8243; _module_preset=&#8220;default&#8220; global_colors_info=&#8220;{}&#8220;][et_pb_text _builder_version=&#8220;4.24.2&#8243; _module_preset=&#8220;default&#8220; header_2_font=&#8220;ABeeZee||||||||&#8220; header_2_text_color=&#8220;#FFFFFF&#8220; header_2_font_size=&#8220;30px&#8220; custom_margin=&#8220;||16px|||&#8220; global_colors_info=&#8220;{}&#8220;]<\/p>\n<h2><strong>Diagnostik-Manufaktur<\/strong><\/h2>\n<p>[\/et_pb_text][et_pb_text _builder_version=&#8220;4.24.2&#8243; _module_preset=&#8220;default&#8220; text_font=&#8220;ABeeZee||||||||&#8220; text_text_color=&#8220;#FFFFFF&#8220; text_font_size=&#8220;22px&#8220; global_colors_info=&#8220;{}&#8220;]<\/p>\n<p><strong>Bewertung von Personen<\/strong><\/p>\n<p>[\/et_pb_text][et_pb_text _builder_version=&#8220;4.24.2&#8243; _module_preset=&#8220;default&#8220; text_font=&#8220;ABeeZee||||||||&#8220; text_text_color=&#8220;#FFFFFF&#8220; text_font_size=&#8220;18px&#8220; custom_margin=&#8220;-23px|||||&#8220; global_colors_info=&#8220;{}&#8220;]<\/p>\n<p>St\u00e4rken. Schw\u00e4chen. Potenziale.<\/p>\n<p>[\/et_pb_text][et_pb_text _builder_version=&#8220;4.24.2&#8243; _module_preset=&#8220;default&#8220; text_font=&#8220;ABeeZee||||||||&#8220; text_text_color=&#8220;#FFFFFF&#8220; custom_margin=&#8220;32px|||||&#8220; custom_padding=&#8220;5px|||||&#8220; global_colors_info=&#8220;{}&#8220;]<\/p>\n<p>Die qualitative \u00dcberlegenheit eines mit Sorgfalt handgefertigten Produkts erkennt man im Vergleich zur schnell gefertigten Massenware oft erst nach einem bestimmten Zeitraum. So ist es auch bei uns: Unsere diagnostischen Verfahren und Instrumente st\u00fctzen sich immer auf die jeweils wirksamsten wissenschaftlichen Erkenntnisse. Manchen Trends zur Verortung immer wieder neu definierter vermeintlicher Erfolgsfaktoren folgen wir hierbei bewusst nicht. In diesem Sinn vergleichen wir uns eher mit einer Manufaktur als mit einer Fabrik.<\/p>\n<p>Wir legen auf die Qualit\u00e4t unserer Leistungen ein besonderes Augenmerk und konzentrieren uns auf fundierte, empirisch validierte Erkenntnisse seri\u00f6s operierender Eignungsdiagnostik. Das kumulierte Wissen um grundlegende, d.h. zeitlich und situations\u00fcbergreifend stabile Pr\u00e4diktoren beruflicher Eignung, bietet uns hinreichend viele M\u00f6glichkeiten zur Ableitung von Aussagen mit nachgewiesen hoher Vorhersagekraft.<\/p>\n<p>[\/et_pb_text][\/et_pb_column][et_pb_column type=&#8220;3_5&#8243; _builder_version=&#8220;4.24.2&#8243; _module_preset=&#8220;default&#8220; global_colors_info=&#8220;{}&#8220;][et_pb_accordion _builder_version=&#8220;4.27.5&#8243; _module_preset=&#8220;default&#8220; toggle_text_color=&#8220;#FFFFFF&#8220; toggle_font=&#8220;ABeeZee|700|||||||&#8220; toggle_font_size=&#8220;14px&#8220; closed_toggle_font=&#8220;ABeeZee||||||||&#8220; body_font=&#8220;ABeeZee||||||||&#8220; background_color=&#8220;RGBA(255,255,255,0)&#8220; global_colors_info=&#8220;{}&#8220;][et_pb_accordion_item title=&#8220;Leistungen:&#8220; open=&#8220;on&#8220; open_toggle_text_color=&#8220;#272e2e&#8220; _builder_version=&#8220;4.27.5&#8243; _module_preset=&#8220;default&#8220; body_text_color=&#8220;#FFFFFF&#8220; background_color=&#8220;#848484&#8243; background_enable_color=&#8220;on&#8220; global_colors_info=&#8220;{}&#8220; toggle_font_size=&#8220;14px&#8220;][\/et_pb_accordion_item][et_pb_accordion_item title=&#8220;Assessment-Center&#8220; _builder_version=&#8220;4.27.5&#8243; _module_preset=&#8220;default&#8220; body_text_color=&#8220;#FFFFFF&#8220; background_color=&#8220;#848484&#8243; background_enable_color=&#8220;on&#8220; global_colors_info=&#8220;{}&#8220; toggle_font_size=&#8220;14px&#8220; open=&#8220;off&#8220;]<\/p>\n<p><span>Von uns konzipierte Assessment-Center leiten sich in Dauer, Art und Umfang von den jeweiligen Anforderungen und der gew\u00fcnschten Tiefe der eignungsdiagnostischen Begutachtung ab. Daher entwickeln wir jedes Assessment-Center nach einer ausf\u00fchrlichen Abstimmung \u00fcber die Bedarfe vor Ort sehr spezifisch und f\u00fcr jeden Kunden individuell. Im Assessment-Center gehen wir m\u00f6glichst multimethodal vor, um die Validit\u00e4t der Gesamteinsch\u00e4tzung insgesamt zu erh\u00f6hen. Als Beurteilungskriterien schlagen wir sowohl quantitative wie auch qualitative Merkmale vor. Letztere sind zwar schwerer zu erfassen, bilden aber oftmals die eigentliche Grundlage f\u00fcr den beruflichen Erfolg \u2013 denn Eignung ist nicht gleich Passung.<\/span><\/p>\n<p>[\/et_pb_accordion_item][et_pb_accordion_item title=&#8220;Development-Center&#8220; _builder_version=&#8220;4.27.5&#8243; _module_preset=&#8220;default&#8220; body_text_color=&#8220;#FFFFFF&#8220; background_color=&#8220;#848484&#8243; background_enable_color=&#8220;on&#8220; global_colors_info=&#8220;{}&#8220; toggle_font_size=&#8220;14px&#8220; open=&#8220;off&#8220;]<\/p>\n<p><span>Development-Center folgen in Art, Aufbau und Inhalt zumeist dem klassischen Assessment-Center. Im Zentrum der Beobachtung steht aber keine konkrete Entscheidung f\u00fcr eine Stellenbesetzung. Vielmehr sollen individuelle St\u00e4rken und Entwicklungsfelder einer Person eingesch\u00e4tzt werden. Development-Center k\u00f6nnen dabei bislang unbekannte Talente und Potenziale entdecken helfen oder im Zuge konkreter Entwicklungsprogramme auf k\u00fcnftige Funktionen vorbereiten. Oft sind Development-Center integraler Bestandteil des innerbetrieblichen Talent-Managements oder Baustein in standardisierten Entwicklungsprogrammen. \u00a0\u00a0<\/span><\/p>\n<p>[\/et_pb_accordion_item][et_pb_accordion_item title=&#8220;Einzel-Assessment&#8220; _builder_version=&#8220;4.27.5&#8243; _module_preset=&#8220;default&#8220; body_text_color=&#8220;#FFFFFF&#8220; background_color=&#8220;#848484&#8243; background_enable_color=&#8220;on&#8220; global_colors_info=&#8220;{}&#8220; toggle_font_size=&#8220;14px&#8220; open=&#8220;off&#8220;]<\/p>\n<p><span>Im Unterschied zu Assessment-Centern, die sich an Gruppen wenden, richtet sich ein Einzel-Assessment (auch Management-Appraisal genannt) an eine Person. In einem zumeist eint\u00e4gigen Workshop wird diese auf ihre grundlegende Eignung f\u00fcr eine bestimmte Position oder das \u00fcber die derzeitige Funktion hinausgehende weitere Potenzial untersucht. Mittels diverser eignungsdiagnostischer Verfahren (Multimodalit\u00e4t) erstellen wir basierend auf den individuellen Vorabsprachen mit unseren Auftraggebern ein pers\u00f6nliches St\u00e4rken-Schw\u00e4chen-Profil.\u00a0Ein Einzel-Assessment kann an jedem beliebigen Ort, zeitlich sehr flexibel und in der Regel ohne Beteiligung zus\u00e4tzlicher externer Beobachter stattfinden.<\/span><\/p>\n<p>[\/et_pb_accordion_item][et_pb_accordion_item title=&#8220;Management-Audit&#8220; _builder_version=&#8220;4.27.5&#8243; _module_preset=&#8220;default&#8220; body_text_color=&#8220;#FFFFFF&#8220; background_color=&#8220;#848484&#8243; background_enable_color=&#8220;on&#8220; global_colors_info=&#8220;{}&#8220; toggle_font_size=&#8220;14px&#8220; open=&#8220;off&#8220;]<\/p>\n<p><span>Im Zuge eines Management-Audits sch\u00e4tzen wir die vorhandenen Potenziale eines zu begutachtenden Personenkreises ein, um Schl\u00fcsselpositionen m\u00f6glichst optimal besetzen und\/oder individuelle, anforderungsbezogene Entwicklungsschritte initiieren zu k\u00f6nnen.\u00a0Dazu diskutieren wir im Vorfeld mit unseren Kunden die im Zuge des Audits als wichtig erachteten Kriterien sowie die verschiedenen M\u00f6glichkeiten multimethodaler und auch multiperspektivischer Datengewinnung. Dar\u00fcber hinaus definieren wir gemeinsam die Art, den Umfang und die Tiefe der diagnostischen Begutachtung, um neben der angestrebten Qualit\u00e4t des Vorgehens zugleich eine m\u00f6glichst hohe Akzeptanz bei allen Beteiligten zu erzielen.<\/span><\/p>\n<p>[\/et_pb_accordion_item][et_pb_accordion_item title=&#8220;360-Grad-Feedback&#8220; _builder_version=&#8220;4.27.5&#8243; _module_preset=&#8220;default&#8220; body_text_color=&#8220;#FFFFFF&#8220; background_color=&#8220;#848484&#8243; background_enable_color=&#8220;on&#8220; global_colors_info=&#8220;{}&#8220; toggle_font_size=&#8220;14px&#8220; open=&#8220;off&#8220;]<\/p>\n<p><span>Mit 360-Grad-Feedbacks kann man verschiedene Kompetenzen von Fach- und F\u00fchrungskr\u00e4ften aus unterschiedlichen Perspektiven wie zum Beispiel aus Sicht der Mitarbeiter, der Vorgesetzten, der Kollegen, von Teammitgliedern, Kunden oder anderen Personengruppen einsch\u00e4tzen.\u00a0Der anschlie\u00dfende Vergleich zwischen Selbst- und Fremdbild erm\u00f6glicht die Ableitung wichtiger Impulse f\u00fcr die Selbstreflexion sowie die pers\u00f6nliche Weiterentwicklung. Unsere Verfahren bilden in diesem Zusammenhang wichtige generische und zugleich erfolgsrelevante Kompetenzen ab. Sie k\u00f6nnen projektbezogen durch jeweils spezifische Inhalte erg\u00e4nzt werden, die wir zuvor mit unseren Kunden diskutieren und festlegen.<\/span><\/p>\n<p>[\/et_pb_accordion_item][et_pb_accordion_item title=&#8220;Lernpotenzial-AC&#8220; _builder_version=&#8220;4.27.5&#8243; _module_preset=&#8220;default&#8220; body_text_color=&#8220;#FFFFFF&#8220; background_color=&#8220;#848484&#8243; background_enable_color=&#8220;on&#8220; global_colors_info=&#8220;{}&#8220; toggle_font_size=&#8220;14px&#8220; open=&#8220;off&#8220;]<\/p>\n<p><span>Neben den weitgehend klassischen Ans\u00e4tzen vertreten wir auch innovative Konzepte, wie z.B. das Lernpotenzial-Assessment-Center: Hier steht einzig das Merkmal \u201eLernpotential\u201c im Fokus, d.h. der Wille und das Verm\u00f6gen, sich m\u00f6glichst schnell an Neues anzupassen. Niemand wird absehen k\u00f6nnen, welche Anforderungen in 10 oder 20 Jahren f\u00fcr eine bestimmte Stelle wichtig sein werden. Ein Kriterium ist aber schon heute klar: Wer \u00fcber das gr\u00f6\u00dfere Lernpotenzial verf\u00fcgt, wird dann erfolgreicher sein als andere.\u00a0Hierauf basiert der gesamte Ansatz dieses Verfahrens, der keine konkreten Anforderungsmerkmale einzusch\u00e4tzen versucht, sondern sich einzig der individuellen Lernf\u00e4higkeit und -willigkeit einer Person widmet.<\/span><span class=\"Apple-converted-space\">\u00a0<\/span><\/p>\n<p>[\/et_pb_accordion_item][et_pb_accordion_item title=&#8220;Remote-AC&#8220; _builder_version=&#8220;4.27.5&#8243; _module_preset=&#8220;default&#8220; body_text_color=&#8220;#FFFFFF&#8220; background_color=&#8220;#848484&#8243; background_enable_color=&#8220;on&#8220; global_colors_info=&#8220;{}&#8220; toggle_font_size=&#8220;14px&#8220; open=&#8220;off&#8220;]<\/p>\n<p><span>Neben Pr\u00e4senzveranstaltungen, an denen sich Kandidatinnen und Kandidaten einem Team von Beobachtenden vor Ort stellen, bieten wir auch Remote-ACs an, die komplett per Video-Konferenz abgewickelt werden. Das AC besteht dabei nicht nur alleine aus einem explorativen Gespr\u00e4ch, sondern wird vielmehr angereichert durch spontane, situative \u00dcbungen oder auch Pr\u00e4sentationen, die im Vorfeld angefertigt werden sollten. Am Ende findet eine Abschluss-Besprechung zwischen allen Beteiligten statt, die letztlich die Basis f\u00fcr eine Entscheidung bietet. Gerade in den letzten Monaten ist die Akzeptanz eines solchen Vorgehens bei allen Beteiligten (Beobachtende, Kandidatinnen und Kandidaten, Betriebsr\u00e4te) deutlich gestiegen.<\/span><\/p>\n<p>[\/et_pb_accordion_item][et_pb_accordion_item title=&#8220;Testverfahren&#8220; _builder_version=&#8220;4.27.5&#8243; _module_preset=&#8220;default&#8220; body_text_color=&#8220;#FFFFFF&#8220; background_color=&#8220;#848484&#8243; background_enable_color=&#8220;on&#8220; global_colors_info=&#8220;{}&#8220; toggle_font_size=&#8220;14px&#8220; open=&#8220;off&#8220;]<\/p>\n<p><span>Tests sind die messtechnisch am strengsten konstruierten diagnostischen Verfahren. Es gibt eine Vielzahl valide konstruierter Tests f\u00fcr den personalwirtschaftlichen Bereich, die durch eine nachgewiesen hohe Prognoseg\u00fcte beeindrucken. Unabh\u00e4ngig davon variiert die Akzeptanz von Testverfahren aus verschiedenen Gr\u00fcnden erheblich.\u00a0Wir verf\u00fcgen \u00fcber ein sehr breites wie auch tiefes Wissen in diesem Bereich und empfehlen je nach Einsatzzweck verschiedene Tests \u2013 entweder als Einzelverfahren oder zur Erg\u00e4nzung anderer Instrumente, die sich vor Ort bereits bew\u00e4hrt haben, bestimmte Facetten jedoch nicht ausreichend abbilden konnten.<\/span><\/p>\n<p>[\/et_pb_accordion_item][et_pb_accordion_item title=&#8220;Testentwicklung&#8220; _builder_version=&#8220;4.27.5&#8243; _module_preset=&#8220;default&#8220; body_text_color=&#8220;#FFFFFF&#8220; background_color=&#8220;#848484&#8243; background_enable_color=&#8220;on&#8220; global_colors_info=&#8220;{}&#8220; toggle_font_size=&#8220;14px&#8220; open=&#8220;off&#8220;]<\/p>\n<p><span>Die von uns entwickelten Testverfahren folgen dem Anspruch, dass sie in der Praxis unter Einhaltung der klassischen G\u00fctekriterien schnell und einfach zu bearbeiten sind sowie vom gew\u00e4hlten Frage- und Antwort-Format her nicht durchschaubar und damit schwer zu verf\u00e4lschen sind.\u00a0Dar\u00fcber hinaus haben wir uns im Verlauf der letzten Jahre die besondere Kompetenz erarbeitet, auch solche Kriterien messtechnisch solide abzubilden, die zuvor als schwer einsch\u00e4tzbar galten. So war es uns m\u00f6glich, diverse firmenspezifische Tests zu konzipieren, deren Normen eigens auf interne Anforderungen hin kalibriert worden sind.<\/span><\/p>\n<p>[\/et_pb_accordion_item][et_pb_accordion_item title=&#8220;Exploratives Interview&#8220; _builder_version=&#8220;4.24.2&#8243; _module_preset=&#8220;default&#8220; body_text_color=&#8220;#FFFFFF&#8220; background_color=&#8220;#848484&#8243; background_enable_color=&#8220;on&#8220; global_colors_info=&#8220;{}&#8220; open=&#8220;off&#8220;]<\/p>\n<p><span>Das Interview ist die am h\u00e4ufigsten eingesetzte Methode zum Kennenlernen von Personen, die sich f\u00fcr eine angebotene Stelle beworben haben. Manche Personalentscheider explorieren hierbei sehr professionell fachliche Qualifikationen sowie wichtige formale Kriterien, wollen das so kumulierte Wissen jedoch durch erg\u00e4nzende Informationen zur Eignung einer Kandidatin oder eines Kandidaten anreichern. Unsere Interviews geben Auskunft \u00fcber relevante Pers\u00f6nlichkeitsmerkmale sowie motivationale Faktoren einer Person und erlauben so eine Einsch\u00e4tzung des k\u00fcnftigen beruflichen Erfolges \u00fcber die reine Formalqualifikation hinaus.<\/span><\/p>\n<p>[\/et_pb_accordion_item][\/et_pb_accordion][\/et_pb_column][\/et_pb_row][\/et_pb_section][et_pb_section fb_built=&#8220;1&#8243; admin_label=&#8220;Footer&#8220; _builder_version=&#8220;4.24.2&#8243; _module_preset=&#8220;default&#8220; background_color=&#8220;#848484&#8243; custom_margin=&#8220;-1px|||||&#8220; custom_padding=&#8220;17px||3px|||&#8220; saved_tabs=&#8220;all&#8220; locked=&#8220;off&#8220; global_colors_info=&#8220;{}&#8220;][et_pb_row column_structure=&#8220;1_4,1_4,1_4,1_4&#8243; _builder_version=&#8220;4.24.2&#8243; _module_preset=&#8220;default&#8220; global_colors_info=&#8220;{}&#8220;][et_pb_column type=&#8220;1_4&#8243; _builder_version=&#8220;4.24.2&#8243; _module_preset=&#8220;default&#8220; global_colors_info=&#8220;{}&#8220;][et_pb_text _builder_version=&#8220;4.27.5&#8243; _module_preset=&#8220;default&#8220; header_2_font=&#8220;ABeeZee||||||||&#8220; header_2_text_color=&#8220;#272e2e&#8220; header_2_font_size=&#8220;30px&#8220; custom_margin=&#8220;|-18px|-11px|||&#8220; custom_padding=&#8220;||0px|||&#8220; global_colors_info=&#8220;{}&#8220;]<\/p>\n<h2><strong>Kontakt<\/strong><\/h2>\n<p>[\/et_pb_text][et_pb_divider color=&#8220;#272e2e&#8220; divider_position=&#8220;center&#8220; divider_weight=&#8220;4px&#8220; _builder_version=&#8220;4.24.2&#8243; _module_preset=&#8220;default&#8220; width=&#8220;34%&#8220; global_colors_info=&#8220;{}&#8220;][\/et_pb_divider][\/et_pb_column][et_pb_column type=&#8220;1_4&#8243; _builder_version=&#8220;4.24.2&#8243; _module_preset=&#8220;default&#8220; global_colors_info=&#8220;{}&#8220;][et_pb_text _builder_version=&#8220;4.24.2&#8243; _module_preset=&#8220;default&#8220; text_font=&#8220;ABeeZee||||||||&#8220; text_text_color=&#8220;#272e2e&#8220; text_line_height=&#8220;1em&#8220; custom_margin=&#8220;-2px|||||&#8220; global_colors_info=&#8220;{}&#8220;]<\/p>\n<p><strong>Schiphorst<\/strong><\/p>\n<p>Roos Consult GmbH &amp; Co. KG<\/p>\n<p>Steinhorster Weg 1b<\/p>\n<p>23847 Schiphorst<\/p>\n<p>+49 (0)4536 \/ 80 97 &#8211; 87<\/p>\n<p>info@roos-consult.de<\/p>\n<p>[\/et_pb_text][\/et_pb_column][et_pb_column type=&#8220;1_4&#8243; _builder_version=&#8220;4.24.2&#8243; _module_preset=&#8220;default&#8220; global_colors_info=&#8220;{}&#8220;][et_pb_text _builder_version=&#8220;4.24.2&#8243; _module_preset=&#8220;default&#8220; text_font=&#8220;ABeeZee||||||||&#8220; text_text_color=&#8220;#272e2e&#8220; text_line_height=&#8220;1em&#8220; custom_margin=&#8220;0px|||||&#8220; global_colors_info=&#8220;{}&#8220;]<\/p>\n<p><strong>Hamburg<\/strong><\/p>\n<p>Roos Consult GmbH &amp; Co. KG<\/p>\n<p>Colonnaden 5<\/p>\n<p>20354 Hamburg<\/p>\n<p>+49 (0)40 \/ 333 13 &#8211; 234<\/p>\n<p>info@roos-consult.de<\/p>\n<p>[\/et_pb_text][\/et_pb_column][et_pb_column type=&#8220;1_4&#8243; _builder_version=&#8220;4.24.2&#8243; _module_preset=&#8220;default&#8220; global_colors_info=&#8220;{}&#8220;][et_pb_text _builder_version=&#8220;4.27.5&#8243; _module_preset=&#8220;default&#8220; text_font=&#8220;ABeeZee||||||||&#8220; text_text_color=&#8220;#272e2e&#8220; text_line_height=&#8220;1em&#8220; custom_margin=&#8220;0px|||||&#8220; global_colors_info=&#8220;{}&#8220;]<\/p>\n<p><strong>Sandesneben (nur Konferenz)<\/strong><\/p>\n<p>Roos Consult GmbH &amp; Co. KG<\/p>\n<p>Hauptstrasse 69<\/p>\n<p>23898 Sandesneben<\/p>\n<p>+49 (0)4536 \/ 999 01 &#8211; 98<\/p>\n<p>info@roos-consult.de<\/p>\n<p>[\/et_pb_text][\/et_pb_column][\/et_pb_row][\/et_pb_section][et_pb_section fb_built=&#8220;1&#8243; admin_label=&#8220;Footer&#8220; _builder_version=&#8220;4.27.5&#8243; _module_preset=&#8220;default&#8220; background_color=&#8220;#272e2e&#8220; custom_margin=&#8220;-1px|||||&#8220; custom_padding=&#8220;17px||3px|||&#8220; saved_tabs=&#8220;all&#8220; locked=&#8220;off&#8220; global_colors_info=&#8220;{}&#8220; theme_builder_area=&#8220;post_content&#8220;][et_pb_row column_structure=&#8220;1_4,1_4,1_4,1_4&#8243; _builder_version=&#8220;4.24.2&#8243; _module_preset=&#8220;default&#8220; global_colors_info=&#8220;{}&#8220; theme_builder_area=&#8220;post_content&#8220;][et_pb_column type=&#8220;1_4&#8243; _builder_version=&#8220;4.24.2&#8243; _module_preset=&#8220;default&#8220; global_colors_info=&#8220;{}&#8220; theme_builder_area=&#8220;post_content&#8220;][et_pb_image src=&#8220;https:\/\/roos-consult.de\/wp-content\/uploads\/2026\/02\/logo_roos_white.png&#8220; title_text=&#8220;logo_roos_white&#8220; _builder_version=&#8220;4.27.5&#8243; _module_preset=&#8220;default&#8220; custom_margin=&#8220;2px|||||&#8220; global_colors_info=&#8220;{}&#8220; theme_builder_area=&#8220;post_content&#8220;][\/et_pb_image][\/et_pb_column][et_pb_column type=&#8220;1_4&#8243; _builder_version=&#8220;4.24.2&#8243; _module_preset=&#8220;default&#8220; global_colors_info=&#8220;{}&#8220; theme_builder_area=&#8220;post_content&#8220;][et_pb_text _builder_version=&#8220;4.27.5&#8243; _dynamic_attributes=&#8220;link_option_url&#8220; _module_preset=&#8220;default&#8220; text_font=&#8220;ABeeZee||||||||&#8220; text_text_color=&#8220;#FFFFFF&#8220; text_line_height=&#8220;1em&#8220; custom_margin=&#8220;16px||1px|||&#8220; custom_padding=&#8220;||15px|||&#8220; link_option_url=&#8220;@ET-DC@eyJkeW5hbWljIjp0cnVlLCJjb250ZW50IjoicG9zdF9saW5rX3VybF9wYWdlIiwic2V0dGluZ3MiOnsicG9zdF9pZCI6IjM4NyJ9fQ==@&#8220; global_colors_info=&#8220;{}&#8220; theme_builder_area=&#8220;post_content&#8220;]<\/p>\n<p>FAQ<\/p>\n<p>[\/et_pb_text][et_pb_text _builder_version=&#8220;4.27.5&#8243; _dynamic_attributes=&#8220;link_option_url&#8220; _module_preset=&#8220;default&#8220; text_font=&#8220;ABeeZee||||||||&#8220; text_text_color=&#8220;#FFFFFF&#8220; text_line_height=&#8220;1em&#8220; custom_margin=&#8220;-1px||8px|||&#8220; custom_padding=&#8220;||15px|||&#8220; link_option_url=&#8220;@ET-DC@eyJkeW5hbWljIjp0cnVlLCJjb250ZW50IjoicG9zdF9saW5rX3VybF9wYWdlIiwic2V0dGluZ3MiOnsicG9zdF9pZCI6IjQ4NyJ9fQ==@&#8220; global_colors_info=&#8220;{}&#8220; theme_builder_area=&#8220;post_content&#8220;]<\/p>\n<p>Mitgliedschaften<\/p>\n<p>[\/et_pb_text][et_pb_text _builder_version=&#8220;4.27.5&#8243; _dynamic_attributes=&#8220;link_option_url&#8220; _module_preset=&#8220;default&#8220; text_font=&#8220;ABeeZee||||||||&#8220; text_text_color=&#8220;#FFFFFF&#8220; text_line_height=&#8220;1em&#8220; custom_margin=&#8220;-7px||8px|||&#8220; custom_padding=&#8220;||15px|||&#8220; link_option_url=&#8220;@ET-DC@eyJkeW5hbWljIjp0cnVlLCJjb250ZW50IjoicG9zdF9saW5rX3VybF9wYWdlIiwic2V0dGluZ3MiOnsicG9zdF9pZCI6IjQ5NyJ9fQ==@&#8220; global_colors_info=&#8220;{}&#8220; theme_builder_area=&#8220;post_content&#8220;]<\/p>\n<p>Datenschutz<\/p>\n<p>[\/et_pb_text][et_pb_text _builder_version=&#8220;4.27.5&#8243; _dynamic_attributes=&#8220;link_option_url&#8220; _module_preset=&#8220;default&#8220; text_font=&#8220;ABeeZee||||||||&#8220; text_text_color=&#8220;#FFFFFF&#8220; text_line_height=&#8220;1em&#8220; custom_margin=&#8220;-9px||8px|||&#8220; custom_padding=&#8220;||15px|||&#8220; link_option_url=&#8220;@ET-DC@eyJkeW5hbWljIjp0cnVlLCJjb250ZW50IjoicG9zdF9saW5rX3VybF9wYWdlIiwic2V0dGluZ3MiOnsicG9zdF9pZCI6IjUxNCJ9fQ==@&#8220; global_colors_info=&#8220;{}&#8220; theme_builder_area=&#8220;post_content&#8220;]<\/p>\n<p>Impressum<\/p>\n<p>[\/et_pb_text][\/et_pb_column][et_pb_column type=&#8220;1_4&#8243; _builder_version=&#8220;4.24.2&#8243; _module_preset=&#8220;default&#8220; global_colors_info=&#8220;{}&#8220; theme_builder_area=&#8220;post_content&#8220;][\/et_pb_column][et_pb_column type=&#8220;1_4&#8243; _builder_version=&#8220;4.24.2&#8243; _module_preset=&#8220;default&#8220; global_colors_info=&#8220;{}&#8220; theme_builder_area=&#8220;post_content&#8220;][\/et_pb_column][\/et_pb_row][\/et_pb_section]<\/p>\n","protected":false},"excerpt":{"rendered":"<p>Diagnostik-ManufakturDiagnostik-ManufakturBewertung von PersonenSt\u00e4rken. Schw\u00e4chen. Potenziale.Die qualitative \u00dcberlegenheit eines mit Sorgfalt handgefertigten Produkts erkennt man im Vergleich zur schnell gefertigten Massenware oft erst nach einem bestimmten Zeitraum. So ist es auch bei uns: Unsere diagnostischen Verfahren und Instrumente st\u00fctzen sich immer auf die jeweils wirksamsten wissenschaftlichen Erkenntnisse. Manchen Trends zur Verortung immer wieder neu definierter vermeintlicher [&hellip;]<\/p>\n","protected":false},"author":1,"featured_media":0,"parent":0,"menu_order":0,"comment_status":"closed","ping_status":"closed","template":"","meta":{"_et_pb_use_builder":"on","_et_pb_old_content":"","_et_gb_content_width":"","footnotes":""},"class_list":["post-5","page","type-page","status-publish","hentry"],"_links":{"self":[{"href":"https:\/\/roos-consult.de\/index.php?rest_route=\/wp\/v2\/pages\/5","targetHints":{"allow":["GET"]}}],"collection":[{"href":"https:\/\/roos-consult.de\/index.php?rest_route=\/wp\/v2\/pages"}],"about":[{"href":"https:\/\/roos-consult.de\/index.php?rest_route=\/wp\/v2\/types\/page"}],"author":[{"embeddable":true,"href":"https:\/\/roos-consult.de\/index.php?rest_route=\/wp\/v2\/users\/1"}],"replies":[{"embeddable":true,"href":"https:\/\/roos-consult.de\/index.php?rest_route=%2Fwp%2Fv2%2Fcomments&post=5"}],"version-history":[{"count":81,"href":"https:\/\/roos-consult.de\/index.php?rest_route=\/wp\/v2\/pages\/5\/revisions"}],"predecessor-version":[{"id":560,"href":"https:\/\/roos-consult.de\/index.php?rest_route=\/wp\/v2\/pages\/5\/revisions\/560"}],"wp:attachment":[{"href":"https:\/\/roos-consult.de\/index.php?rest_route=%2Fwp%2Fv2%2Fmedia&parent=5"}],"curies":[{"name":"wp","href":"https:\/\/api.w.org\/{rel}","templated":true}]}}