{"id":233,"date":"2026-02-18T18:44:23","date_gmt":"2026-02-18T17:44:23","guid":{"rendered":"https:\/\/roos-consult.de\/?page_id=233"},"modified":"2026-02-24T14:26:47","modified_gmt":"2026-02-24T13:26:47","slug":"employer-analysis","status":"publish","type":"page","link":"https:\/\/roos-consult.de\/?page_id=233","title":{"rendered":"Employer-Analysis"},"content":{"rendered":"<p>[et_pb_section fb_built=&#8220;1&#8243; admin_label=&#8220;Header&#8220; _builder_version=&#8220;4.24.2&#8243; _module_preset=&#8220;default&#8220; use_background_color_gradient=&#8220;on&#8220; background_color_gradient_direction=&#8220;90deg&#8220; background_color_gradient_stops=&#8220;#292929 25%|rgba(0,0,0,0) 100%&#8220; background_color_gradient_overlays_image=&#8220;on&#8220; background_color_gradient_start=&#8220;#292929&#8243; background_color_gradient_start_position=&#8220;25%&#8220; background_color_gradient_end=&#8220;rgba(0,0,0,0)&#8220; background_image=&#8220;https:\/\/roos-consult.de\/wp-content\/uploads\/2026\/02\/roos-consult-employer-analysis-teaser-1024&#215;269-1.jpg&#8220; custom_padding=&#8220;||0px||false|false&#8220; global_colors_info=&#8220;{}&#8220;][et_pb_row _builder_version=&#8220;4.16&#8243; _module_preset=&#8220;default&#8220; global_colors_info=&#8220;{}&#8220;][et_pb_column type=&#8220;4_4&#8243; _builder_version=&#8220;4.16&#8243; _module_preset=&#8220;default&#8220; global_colors_info=&#8220;{}&#8220;][et_pb_image src=&#8220;https:\/\/roos-consult.de\/wp-content\/uploads\/2026\/02\/logo_roos_white.png&#8220; title_text=&#8220;logo_roos_white&#8220; _builder_version=&#8220;4.24.2&#8243; _module_preset=&#8220;default&#8220; custom_margin=&#8220;||79px|||&#8220; global_colors_info=&#8220;{}&#8220;][\/et_pb_image][et_pb_text _builder_version=&#8220;4.27.5&#8243; _module_preset=&#8220;53fac924-1644-4f70-a8a0-435df3cf1c52&#8243; header_font=&#8220;ABeeZee|600|||||||&#8220; header_text_color=&#8220;#FFFFFF&#8220; header_font_size=&#8220;65px&#8220; header_line_height=&#8220;1.1em&#8220; width=&#8220;34%&#8220; width_tablet=&#8220;55%&#8220; width_phone=&#8220;49%&#8220; width_last_edited=&#8220;on|tablet&#8220; max_width=&#8220;670px&#8220; header_font_size_tablet=&#8220;50px&#8220; header_font_size_phone=&#8220;24px&#8220; header_font_size_last_edited=&#8220;on|phone&#8220; locked=&#8220;off&#8220; global_colors_info=&#8220;{}&#8220;]<\/p>\n<h1>Employer-Analysis<\/h1>\n<p>[\/et_pb_text][\/et_pb_column][\/et_pb_row][\/et_pb_section][et_pb_section fb_built=&#8220;1&#8243; admin_label=&#8220;Services&#8220; _builder_version=&#8220;4.24.2&#8243; _module_preset=&#8220;default&#8220; background_color=&#8220;#272e2e&#8220; custom_padding=&#8220;35px||28px|||&#8220; global_colors_info=&#8220;{}&#8220;][et_pb_row column_structure=&#8220;2_5,3_5&#8243; _builder_version=&#8220;4.16&#8243; _module_preset=&#8220;default&#8220; global_colors_info=&#8220;{}&#8220;][et_pb_column type=&#8220;2_5&#8243; _builder_version=&#8220;4.16&#8243; _module_preset=&#8220;default&#8220; global_colors_info=&#8220;{}&#8220;][et_pb_text _builder_version=&#8220;4.24.2&#8243; _module_preset=&#8220;default&#8220; header_2_font=&#8220;ABeeZee||||||||&#8220; header_2_text_color=&#8220;#FFFFFF&#8220; header_2_font_size=&#8220;30px&#8220; custom_margin=&#8220;||16px|||&#8220; global_colors_info=&#8220;{}&#8220;]<\/p>\n<h2><strong>Employer-Analysis<\/strong><\/h2>\n<p>[\/et_pb_text][et_pb_text _builder_version=&#8220;4.24.2&#8243; _module_preset=&#8220;default&#8220; text_font=&#8220;ABeeZee||||||||&#8220; text_text_color=&#8220;#FFFFFF&#8220; text_font_size=&#8220;22px&#8220; custom_margin=&#8220;|-20px||||&#8220; global_colors_info=&#8220;{}&#8220;]<\/p>\n<p><strong>Bewertung von Organisationen<\/strong><\/p>\n<p>[\/et_pb_text][et_pb_text _builder_version=&#8220;4.24.2&#8243; _module_preset=&#8220;default&#8220; text_font=&#8220;ABeeZee||||||||&#8220; text_text_color=&#8220;#FFFFFF&#8220; text_font_size=&#8220;18px&#8220; custom_margin=&#8220;-23px|||||&#8220; global_colors_info=&#8220;{}&#8220;]<\/p>\n<p>Erfassung der Arbeitgeber-Qualit\u00e4t<\/p>\n<p>[\/et_pb_text][et_pb_text _builder_version=&#8220;4.24.2&#8243; _module_preset=&#8220;default&#8220; text_font=&#8220;ABeeZee||||||||&#8220; text_text_color=&#8220;#FFFFFF&#8220; custom_margin=&#8220;32px|||||&#8220; custom_padding=&#8220;5px|||||&#8220; global_colors_info=&#8220;{}&#8220;]<\/p>\n<p><span>Vielerorts stehen die M\u00fchen um das Anwerben neuen Personals und Ma\u00dfnahmen zur Bindung der bestehenden Belegschaft an das Unternehmen im Mittelpunkt der Personalarbeit. Grundlegend f\u00fcr den Erfolg ist hierbei das genaue Wissen darum, wie die eigene Organisation wahrgenommen und die Firmenkultur in der Praxis individuell erlebt wird.<\/span><\/p>\n<p><span>Basierend auf unseren Analysen geben wir unseren Kunden wertvolle Hinweise hinsichtlich ihrer Attraktivit\u00e4t als Arbeitgeber, zur Weiterentwicklung der eigenen Organisation sowie ein wirkungsvolles Employer Branding.<\/span><\/p>\n<p>[\/et_pb_text][\/et_pb_column][et_pb_column type=&#8220;3_5&#8243; _builder_version=&#8220;4.24.2&#8243; _module_preset=&#8220;default&#8220; global_colors_info=&#8220;{}&#8220;][et_pb_accordion _builder_version=&#8220;4.27.5&#8243; _module_preset=&#8220;default&#8220; toggle_text_color=&#8220;#FFFFFF&#8220; toggle_font=&#8220;ABeeZee|700|||||||&#8220; closed_toggle_font=&#8220;ABeeZee||||||||&#8220; body_font=&#8220;ABeeZee||||||||&#8220; background_color=&#8220;RGBA(255,255,255,0)&#8220; global_colors_info=&#8220;{}&#8220;][et_pb_accordion_item title=&#8220;Angebote:&#8220; open=&#8220;on&#8220; open_toggle_text_color=&#8220;#272e2e&#8220; _builder_version=&#8220;4.27.5&#8243; _module_preset=&#8220;default&#8220; body_text_color=&#8220;#FFFFFF&#8220; background_color=&#8220;#848484&#8243; background_enable_color=&#8220;on&#8220; background_enable_image=&#8220;off&#8220; global_colors_info=&#8220;{}&#8220; toggle_font_size=&#8220;14px&#8220;][\/et_pb_accordion_item][et_pb_accordion_item title=&#8220;Hamburgs Beste Arbeitgeber&#8220; _builder_version=&#8220;4.27.5&#8243; _module_preset=&#8220;default&#8220; body_text_color=&#8220;#FFFFFF&#8220; background_color=&#8220;#848484&#8243; background_enable_color=&#8220;on&#8220; background_enable_image=&#8220;off&#8220; global_colors_info=&#8220;{}&#8220; toggle_font_size=&#8220;14px&#8220; open=&#8220;off&#8220;]<\/p>\n<section class=\"elementor-element elementor-element-bde9e72 elementor-section-boxed elementor-section-height-default elementor-section-height-default elementor-section elementor-inner-section\" data-id=\"bde9e72\" data-element_type=\"section\">\n<div class=\"elementor-container elementor-column-gap-default\">\n<div class=\"elementor-row\">\n<div class=\"elementor-element elementor-element-3792b92 elementor-column elementor-col-50 elementor-inner-column\" data-id=\"3792b92\" data-element_type=\"column\">\n<div class=\"elementor-column-wrap  elementor-element-populated\">\n<div class=\"elementor-widget-wrap\">\n<div class=\"elementor-element elementor-element-2e3c9c7 elementor-widget elementor-widget-text-editor\" data-id=\"2e3c9c7\" data-element_type=\"widget\" data-widget_type=\"text-editor.default\">\n<div class=\"elementor-widget-container\">\n<div class=\"elementor-text-editor elementor-clearfix\">\n<p>Der Wettbewerb um qualifizierte Mitarbeiter ist nach wie vor in der operativen Personalarbeit sp\u00fcrbar. Deshalb bleibt es f\u00fcr Unternehmen wichtig, als attraktiver Arbeitgeber auf sich aufmerksam zu machen. Vor diesem Hintergrund k\u00fcren wir bereits seit \u00fcber 10 Jahren \u201eHamburgs beste Arbeitgeber\u201c.<br \/>Die auf Grundlage einer Befragung der Mitarbeitenden ausgezeichneten Unternehmen k\u00f6nnen bei Bewerbern, eigenen Mitarbeitern und Kunden punkten. Zudem liefert die wissenschaftliche R\u00fcckmeldung wertvolle Hinweise zur Verbesserung der Personalarbeit. Wir verantworten dabei den gesamten Prosess vom Erstkontakt mit interessierten Unternehmen \u00fcber die methodisch saubere Umsetzung der Befragungen und deren Auswertungen bis hin zu einer m\u00f6glichen Auszeichnung.<\/p>\n<\/div>\n<\/div>\n<\/div>\n<\/div>\n<\/div>\n<\/div>\n<\/div>\n<\/div>\n<\/section>\n<p>[\/et_pb_accordion_item][et_pb_accordion_item title=&#8220;Hamburgs Beste Ausbildungsbetriebe&#8220; _builder_version=&#8220;4.27.5&#8243; _module_preset=&#8220;default&#8220; body_text_color=&#8220;#FFFFFF&#8220; background_color=&#8220;#848484&#8243; background_enable_color=&#8220;on&#8220; global_colors_info=&#8220;{}&#8220; toggle_font_size=&#8220;14px&#8220; open=&#8220;off&#8220;]<\/p>\n<section class=\"elementor-element elementor-element-33ed7b2 elementor-section-boxed elementor-section-height-default elementor-section-height-default elementor-section elementor-inner-section\" data-id=\"33ed7b2\" data-element_type=\"section\">\n<div class=\"elementor-container elementor-column-gap-default\">\n<div class=\"elementor-row\">\n<div class=\"elementor-element elementor-element-47b61e6 elementor-column elementor-col-50 elementor-inner-column\" data-id=\"47b61e6\" data-element_type=\"column\">\n<div class=\"elementor-column-wrap  elementor-element-populated\">\n<div class=\"elementor-widget-wrap\">\n<div class=\"elementor-element elementor-element-c64c36b elementor-widget elementor-widget-text-editor\" data-id=\"c64c36b\" data-element_type=\"widget\" data-widget_type=\"text-editor.default\">\n<div class=\"elementor-widget-container\">\n<div class=\"elementor-text-editor elementor-clearfix\">\n<p>Die Auszeichnung basiert auf der Befragung von Auszubildenden und Ausbildungsverantwortlichen der teilnehmenden Firmen. Zum einen werden Fragen zur pers\u00f6nlichen Zufriedenheit mit dem Ausbildungsbetrieb gestellt. Zum anderen werden auch wichtige objektive Inhalte erhoben, die gemessen an allgemein anerkannten Anforderungen einen guten Ausbildungsbetrieb repr\u00e4sentieren. Wir verantworten dabei den gesamten Prosess vom Erstkontakt mit interessierten Unternehmen \u00fcber die methodisch saubere Umsetzung der Befragungen und deren Auswertungen bis hin zu einer m\u00f6glichen Auszeichnung.<\/p>\n<\/div>\n<\/div>\n<\/div>\n<\/div>\n<\/div>\n<\/div>\n<\/div>\n<\/div>\n<\/section>\n<p>[\/et_pb_accordion_item][et_pb_accordion_item title=&#8220;Excellent Employer&#8220; _builder_version=&#8220;4.27.5&#8243; _module_preset=&#8220;default&#8220; body_text_color=&#8220;#FFFFFF&#8220; background_color=&#8220;#848484&#8243; background_enable_color=&#8220;on&#8220; global_colors_info=&#8220;{}&#8220; toggle_font_size=&#8220;14px&#8220; open=&#8220;off&#8220;]<\/p>\n<section class=\"elementor-element elementor-element-11d37b0 elementor-section-boxed elementor-section-height-default elementor-section-height-default elementor-section elementor-inner-section\" data-id=\"11d37b0\" data-element_type=\"section\">\n<div class=\"elementor-container elementor-column-gap-default\">\n<div class=\"elementor-row\">\n<div class=\"elementor-element elementor-element-efb8e7c elementor-column elementor-col-50 elementor-inner-column\" data-id=\"efb8e7c\" data-element_type=\"column\">\n<div class=\"elementor-column-wrap  elementor-element-populated\">\n<div class=\"elementor-widget-wrap\">\n<div class=\"elementor-element elementor-element-c20f6c6 elementor-widget elementor-widget-text-editor\" data-id=\"c20f6c6\" data-element_type=\"widget\" data-widget_type=\"text-editor.default\">\n<div class=\"elementor-widget-container\">\n<div class=\"elementor-text-editor elementor-clearfix\">\n<p>Ein guter Arbeitgeber zu sein, ist ein Wert an sich. Allerdings entfaltet dieser f\u00fcr das eigene Personalmarketing erst dann seine volle Wirkung, wenn potenzielle Bewerberinnen und Bewerber hiervon auch wissen. Die Auszeichnung \u201cExcellent Employer\u201d hilft wirksam beim Steigern der eigenen Sichtbarkeit. Bei der Befragung der Mitarbeitenden sowie F\u00fchrungskr\u00e4fte der Unternehmen, die sich um die Auszeichnung als \u201eExcellent Employer\u201c bewerben, richten wir ein Spotlight auf insgesamt 16 Faktoren der Arbeitgeber-Attraktivit\u00e4t. Hierbei werden grundlegenden Einsch\u00e4tzungen in genau solchen Bereichen abgebildet, in denen sich Arbeitgeber hinsichtlich ihrer Attraktivit\u00e4t ma\u00dfgeblich unterscheiden. Wir vergeben die Auszeichung als \u201cExcellent Employer\u201d j\u00e4hrlich und in verschiedenen Regionen bundesweit. Aus Hamburg sowie den Regionen vor Ort steuern wir alle damit im Zusammenhang stehenden Abl\u00e4ufe und Prozesse und sind f\u00fcr alles rund um die Auszeichung \u201cExcellent Employer\u201d verantwortlich.<\/p>\n<\/div>\n<\/div>\n<\/div>\n<\/div>\n<\/div>\n<\/div>\n<\/div>\n<\/div>\n<\/section>\n<p>[\/et_pb_accordion_item][et_pb_accordion_item title=&#8220;Wertsch\u00e4tzende F\u00fchrung&#8220; _builder_version=&#8220;4.27.5&#8243; _module_preset=&#8220;default&#8220; body_text_color=&#8220;#FFFFFF&#8220; background_color=&#8220;#848484&#8243; background_enable_color=&#8220;on&#8220; global_colors_info=&#8220;{}&#8220; toggle_font_size=&#8220;14px&#8220; open=&#8220;off&#8220;]<\/p>\n<p><span>Gesundheit ist nicht nur die Abwesenheit von Krankheit, sondern das Ergebnis eines st\u00e4ndigen Prozesses der Achtsamkeit und\u00a0Ausbalancierung \u2013 ob im Privaten oder auch in beruflichen Alltagssituationen.\u00a0Je wertsch\u00e4tzender dort F\u00fchrung erlebt wird, desto weniger h\u00e4ufig sind Mitarbeiterinnen und Mitarbeiter krank. Zahlreiche Studien belegen das immer wieder sehr eindrucksvoll.\u00a0Gemeinsam mit der Firma Health-B (Hamburg) k\u00f6nnen wir auf Basis einer Befragung der Mitarbeitenden valide Aussagen dar\u00fcber treffen, wie wertsch\u00e4tzend die F\u00fchrung in einer Organisation oder einer Organisationseinheit wahrgenommen wird.\u00a0<\/span><\/p>\n<p>[\/et_pb_accordion_item][et_pb_accordion_item title=&#8220;Einzel-Befragungen&#8220; _builder_version=&#8220;4.27.5&#8243; _module_preset=&#8220;default&#8220; body_text_color=&#8220;#FFFFFF&#8220; background_color=&#8220;#848484&#8243; background_enable_color=&#8220;on&#8220; global_colors_info=&#8220;{}&#8220; toggle_font_size=&#8220;14px&#8220; open=&#8220;off&#8220;]<\/p>\n<p><span>F\u00fcr manche Unternehmen ist es interessant, die eigene Attraktivit\u00e4t als Arbeitgeber auch ohne eine offizielle Klassifizierung zu erheben und bewerten zu lassen. Wir bieten hierf\u00fcr verschiedene L\u00f6sungen an, die von der Art her einer klassischen Mitarbeiterbefragung entsprechen. Dabei werden jedoch die spezifischen Inhalte erfasst, die sich auf das Unternehmen als attraktiver Arbeitgeber beziehen. So begrenzt dieser Ansatz auf den ersten Blick erscheinen mag, so vorteilhaft ist er auf den zweiten: Kunden, die sich f\u00fcr eine individuelle Befragung entscheiden, profitieren dabei von den zahlreichen Benchmark-Informationen, \u00fcber die wir seit Jahren durch die Vergabe verschiedener regionaler und \u00fcberregionaler Auszeichnungen verf\u00fcgen.<\/span><\/p>\n<p>[\/et_pb_accordion_item][et_pb_accordion_item title=&#8220;Vor-Ort-Analysen&#8220; _builder_version=&#8220;4.27.5&#8243; _module_preset=&#8220;default&#8220; body_text_color=&#8220;#FFFFFF&#8220; background_color=&#8220;#848484&#8243; background_enable_color=&#8220;on&#8220; global_colors_info=&#8220;{}&#8220; toggle_font_size=&#8220;14px&#8220; open=&#8220;off&#8220;]<\/p>\n<p>Interessierte Unternehmen k\u00f6nnen sich im Rahmen eines Audits begutachten lassen: In welchen Bereichen ist die eigene Attraktivit\u00e4t als Arbeitgeber als herausragend einzustufen? Welche Bereiche liegen innerhalb der Norm? Wo gibt es m\u00f6glicherweise noch M\u00f6glichkeiten zur Verbesserung? Im Zuge des Audits werden z.B. Unternehmenskultur, Familienfreundlichkeit, Frauenf\u00f6rderung, Gesundheitsmanagement, Nachwuchsf\u00f6rderung, Umgang mit dem demographischen Wandel, Innovationskultur oder Aus- und Weiterbildung bewertet. Welchen Bereichen besonderes Gewicht beigemessen werden soll, wird zuvor ebenso individuell abgestimmt wie das konkrete Vorgehen vor Ort und die gesch\u00e4tzte Dauer des Besuches. Die Ergebnisse des Audits werden am Ende mit den Verantwortlichen diskutiert, die auch entscheiden, wie mit den Resultaten weiter verfahren werden soll.<\/p>\n<p>[\/et_pb_accordion_item][\/et_pb_accordion][\/et_pb_column][\/et_pb_row][et_pb_row column_structure=&#8220;1_5,1_5,1_5,1_5,1_5&#8243; _builder_version=&#8220;4.24.2&#8243; _module_preset=&#8220;default&#8220; global_colors_info=&#8220;{}&#8220;][et_pb_column type=&#8220;1_5&#8243; _builder_version=&#8220;4.24.2&#8243; _module_preset=&#8220;default&#8220; global_colors_info=&#8220;{}&#8220;][\/et_pb_column][et_pb_column type=&#8220;1_5&#8243; _builder_version=&#8220;4.24.2&#8243; _module_preset=&#8220;default&#8220; global_colors_info=&#8220;{}&#8220;][\/et_pb_column][et_pb_column type=&#8220;1_5&#8243; _builder_version=&#8220;4.24.2&#8243; _module_preset=&#8220;default&#8220; global_colors_info=&#8220;{}&#8220;][et_pb_image src=&#8220;https:\/\/roos-consult.de\/wp-content\/uploads\/2026\/02\/HBA_Wettbewerb-1024&#215;882-1.png&#8220; title_text=&#8220;HBA_Wettbewerb-1024&#215;882&#8243; _builder_version=&#8220;4.27.5&#8243; _module_preset=&#8220;default&#8220; width=&#8220;84%&#8220; max_width=&#8220;85%&#8220; hover_enabled=&#8220;0&#8243; global_colors_info=&#8220;{}&#8220; url_new_window=&#8220;on&#8220; url=&#8220;https:\/\/hamburgs-beste-arbeitgeber.de&#8220; sticky_enabled=&#8220;0&#8243;][\/et_pb_image][\/et_pb_column][et_pb_column type=&#8220;1_5&#8243; _builder_version=&#8220;4.24.2&#8243; _module_preset=&#8220;default&#8220; global_colors_info=&#8220;{}&#8220;][et_pb_image src=&#8220;https:\/\/roos-consult.de\/wp-content\/uploads\/2026\/02\/HBAB_Wettbewerb-1024&#215;873-1.png&#8220; title_text=&#8220;HBAB_Wettbewerb-1024&#215;873&#8243; _builder_version=&#8220;4.27.5&#8243; _module_preset=&#8220;default&#8220; width=&#8220;85%&#8220; max_width=&#8220;85%&#8220; hover_enabled=&#8220;0&#8243; global_colors_info=&#8220;{}&#8220; url=&#8220;https:\/\/hamburgs-beste-ausbildungsbetriebe.de&#8220; url_new_window=&#8220;on&#8220; sticky_enabled=&#8220;0&#8243;][\/et_pb_image][\/et_pb_column][et_pb_column type=&#8220;1_5&#8243; _builder_version=&#8220;4.24.2&#8243; _module_preset=&#8220;default&#8220; global_colors_info=&#8220;{}&#8220;][et_pb_image src=&#8220;https:\/\/roos-consult.de\/wp-content\/uploads\/2026\/02\/excellent-employer.png&#8220; title_text=&#8220;excellent-employer&#8220; _builder_version=&#8220;4.27.5&#8243; _module_preset=&#8220;default&#8220; width=&#8220;70%&#8220; max_width=&#8220;70%&#8220; hover_enabled=&#8220;0&#8243; global_colors_info=&#8220;{}&#8220; url_new_window=&#8220;on&#8220; url=&#8220;https:\/\/excellent-employer.de&#8220; sticky_enabled=&#8220;0&#8243;][\/et_pb_image][\/et_pb_column][\/et_pb_row][\/et_pb_section][et_pb_section fb_built=&#8220;1&#8243; admin_label=&#8220;Footer&#8220; _builder_version=&#8220;4.24.2&#8243; _module_preset=&#8220;default&#8220; background_color=&#8220;#848484&#8243; custom_margin=&#8220;-1px|||||&#8220; custom_padding=&#8220;17px||3px|||&#8220; saved_tabs=&#8220;all&#8220; locked=&#8220;off&#8220; global_colors_info=&#8220;{}&#8220;][et_pb_row column_structure=&#8220;1_4,1_4,1_4,1_4&#8243; _builder_version=&#8220;4.24.2&#8243; _module_preset=&#8220;default&#8220; global_colors_info=&#8220;{}&#8220;][et_pb_column type=&#8220;1_4&#8243; _builder_version=&#8220;4.24.2&#8243; _module_preset=&#8220;default&#8220; global_colors_info=&#8220;{}&#8220;][et_pb_text _builder_version=&#8220;4.27.5&#8243; _module_preset=&#8220;default&#8220; header_2_font=&#8220;ABeeZee||||||||&#8220; header_2_text_color=&#8220;#272e2e&#8220; header_2_font_size=&#8220;30px&#8220; custom_margin=&#8220;|-18px|-11px|||&#8220; custom_padding=&#8220;||0px|||&#8220; global_colors_info=&#8220;{}&#8220;]<\/p>\n<h2><strong>Kontakt<\/strong><\/h2>\n<p>[\/et_pb_text][et_pb_divider color=&#8220;#272e2e&#8220; divider_position=&#8220;center&#8220; divider_weight=&#8220;4px&#8220; _builder_version=&#8220;4.24.2&#8243; _module_preset=&#8220;default&#8220; width=&#8220;34%&#8220; global_colors_info=&#8220;{}&#8220;][\/et_pb_divider][\/et_pb_column][et_pb_column type=&#8220;1_4&#8243; _builder_version=&#8220;4.24.2&#8243; _module_preset=&#8220;default&#8220; global_colors_info=&#8220;{}&#8220;][et_pb_text _builder_version=&#8220;4.24.2&#8243; _module_preset=&#8220;default&#8220; text_font=&#8220;ABeeZee||||||||&#8220; text_text_color=&#8220;#272e2e&#8220; text_line_height=&#8220;1em&#8220; custom_margin=&#8220;-2px|||||&#8220; global_colors_info=&#8220;{}&#8220;]<\/p>\n<p><strong>Schiphorst<\/strong><\/p>\n<p>Roos Consult GmbH &amp; Co. KG<\/p>\n<p>Steinhorster Weg 1b<\/p>\n<p>23847 Schiphorst<\/p>\n<p>+49 (0)4536 \/ 80 97 &#8211; 87<\/p>\n<p>info@roos-consult.de<\/p>\n<p>[\/et_pb_text][\/et_pb_column][et_pb_column type=&#8220;1_4&#8243; _builder_version=&#8220;4.24.2&#8243; _module_preset=&#8220;default&#8220; global_colors_info=&#8220;{}&#8220;][et_pb_text _builder_version=&#8220;4.24.2&#8243; _module_preset=&#8220;default&#8220; text_font=&#8220;ABeeZee||||||||&#8220; text_text_color=&#8220;#272e2e&#8220; text_line_height=&#8220;1em&#8220; custom_margin=&#8220;0px|||||&#8220; global_colors_info=&#8220;{}&#8220;]<\/p>\n<p><strong>Hamburg<\/strong><\/p>\n<p>Roos Consult GmbH &amp; Co. KG<\/p>\n<p>Colonnaden 5<\/p>\n<p>20354 Hamburg<\/p>\n<p>+49 (0)40 \/ 333 13 &#8211; 234<\/p>\n<p>info@roos-consult.de<\/p>\n<p>[\/et_pb_text][\/et_pb_column][et_pb_column type=&#8220;1_4&#8243; _builder_version=&#8220;4.24.2&#8243; _module_preset=&#8220;default&#8220; global_colors_info=&#8220;{}&#8220;][et_pb_text _builder_version=&#8220;4.27.5&#8243; _module_preset=&#8220;default&#8220; text_font=&#8220;ABeeZee||||||||&#8220; text_text_color=&#8220;#272e2e&#8220; text_line_height=&#8220;1em&#8220; custom_margin=&#8220;0px|||||&#8220; global_colors_info=&#8220;{}&#8220;]<\/p>\n<p><strong>Sandesneben (nur Konferenz)<\/strong><\/p>\n<p>Roos Consult GmbH &amp; Co. KG<\/p>\n<p>Hauptstrasse 69<\/p>\n<p>23898 Sandesneben<\/p>\n<p>+49 (0)4536 \/ 999 01 &#8211; 98<\/p>\n<p>info@roos-consult.de<\/p>\n<p>[\/et_pb_text][\/et_pb_column][\/et_pb_row][\/et_pb_section][et_pb_section fb_built=&#8220;1&#8243; admin_label=&#8220;Footer&#8220; _builder_version=&#8220;4.27.5&#8243; _module_preset=&#8220;default&#8220; background_color=&#8220;#272e2e&#8220; custom_margin=&#8220;-1px|||||&#8220; custom_padding=&#8220;17px||3px|||&#8220; saved_tabs=&#8220;all&#8220; locked=&#8220;off&#8220; global_colors_info=&#8220;{}&#8220;][et_pb_row column_structure=&#8220;1_4,1_4,1_4,1_4&#8243; _builder_version=&#8220;4.24.2&#8243; _module_preset=&#8220;default&#8220; global_colors_info=&#8220;{}&#8220;][et_pb_column type=&#8220;1_4&#8243; _builder_version=&#8220;4.24.2&#8243; _module_preset=&#8220;default&#8220; global_colors_info=&#8220;{}&#8220;][et_pb_image src=&#8220;https:\/\/roos-consult.de\/wp-content\/uploads\/2026\/02\/logo_roos_white.png&#8220; title_text=&#8220;logo_roos_white&#8220; _builder_version=&#8220;4.27.5&#8243; _module_preset=&#8220;default&#8220; custom_margin=&#8220;2px|||||&#8220; global_colors_info=&#8220;{}&#8220;][\/et_pb_image][\/et_pb_column][et_pb_column type=&#8220;1_4&#8243; _builder_version=&#8220;4.24.2&#8243; _module_preset=&#8220;default&#8220; global_colors_info=&#8220;{}&#8220;][et_pb_text _builder_version=&#8220;4.27.5&#8243; _dynamic_attributes=&#8220;link_option_url&#8220; _module_preset=&#8220;default&#8220; text_font=&#8220;ABeeZee||||||||&#8220; text_text_color=&#8220;#FFFFFF&#8220; text_line_height=&#8220;1em&#8220; custom_margin=&#8220;16px||1px|||&#8220; custom_padding=&#8220;||15px|||&#8220; link_option_url=&#8220;@ET-DC@eyJkeW5hbWljIjp0cnVlLCJjb250ZW50IjoicG9zdF9saW5rX3VybF9wYWdlIiwic2V0dGluZ3MiOnsicG9zdF9pZCI6IjM4NyJ9fQ==@&#8220; global_colors_info=&#8220;{}&#8220;]<\/p>\n<p>FAQ<\/p>\n<p>[\/et_pb_text][et_pb_text _builder_version=&#8220;4.27.5&#8243; _dynamic_attributes=&#8220;link_option_url&#8220; _module_preset=&#8220;default&#8220; text_font=&#8220;ABeeZee||||||||&#8220; text_text_color=&#8220;#FFFFFF&#8220; text_line_height=&#8220;1em&#8220; custom_margin=&#8220;-1px||8px|||&#8220; custom_padding=&#8220;||15px|||&#8220; link_option_url=&#8220;@ET-DC@eyJkeW5hbWljIjp0cnVlLCJjb250ZW50IjoicG9zdF9saW5rX3VybF9wYWdlIiwic2V0dGluZ3MiOnsicG9zdF9pZCI6IjQ4NyJ9fQ==@&#8220; global_colors_info=&#8220;{}&#8220;]<\/p>\n<p>Mitgliedschaften<\/p>\n<p>[\/et_pb_text][et_pb_text _builder_version=&#8220;4.27.5&#8243; _dynamic_attributes=&#8220;link_option_url&#8220; _module_preset=&#8220;default&#8220; text_font=&#8220;ABeeZee||||||||&#8220; text_text_color=&#8220;#FFFFFF&#8220; text_line_height=&#8220;1em&#8220; custom_margin=&#8220;-7px||8px|||&#8220; custom_padding=&#8220;||15px|||&#8220; link_option_url=&#8220;@ET-DC@eyJkeW5hbWljIjp0cnVlLCJjb250ZW50IjoicG9zdF9saW5rX3VybF9wYWdlIiwic2V0dGluZ3MiOnsicG9zdF9pZCI6IjQ5NyJ9fQ==@&#8220; global_colors_info=&#8220;{}&#8220;]<\/p>\n<p>Datenschutz<\/p>\n<p>[\/et_pb_text][et_pb_text _builder_version=&#8220;4.27.5&#8243; _dynamic_attributes=&#8220;link_option_url&#8220; _module_preset=&#8220;default&#8220; text_font=&#8220;ABeeZee||||||||&#8220; text_text_color=&#8220;#FFFFFF&#8220; text_line_height=&#8220;1em&#8220; custom_margin=&#8220;-9px||8px|||&#8220; custom_padding=&#8220;||15px|||&#8220; link_option_url=&#8220;@ET-DC@eyJkeW5hbWljIjp0cnVlLCJjb250ZW50IjoicG9zdF9saW5rX3VybF9wYWdlIiwic2V0dGluZ3MiOnsicG9zdF9pZCI6IjUxNCJ9fQ==@&#8220; global_colors_info=&#8220;{}&#8220;]<\/p>\n<p>Impressum<\/p>\n<p>[\/et_pb_text][\/et_pb_column][et_pb_column type=&#8220;1_4&#8243; _builder_version=&#8220;4.24.2&#8243; _module_preset=&#8220;default&#8220; global_colors_info=&#8220;{}&#8220;][\/et_pb_column][et_pb_column type=&#8220;1_4&#8243; _builder_version=&#8220;4.24.2&#8243; _module_preset=&#8220;default&#8220; global_colors_info=&#8220;{}&#8220;][\/et_pb_column][\/et_pb_row][\/et_pb_section]<\/p>\n","protected":false},"excerpt":{"rendered":"<p>Employer-AnalysisEmployer-AnalysisBewertung von OrganisationenErfassung der Arbeitgeber-Qualit\u00e4tVielerorts stehen die M\u00fchen um das Anwerben neuen Personals und Ma\u00dfnahmen zur Bindung der bestehenden Belegschaft an das Unternehmen im Mittelpunkt der Personalarbeit. Grundlegend f\u00fcr den Erfolg ist hierbei das genaue Wissen darum, wie die eigene Organisation wahrgenommen und die Firmenkultur in der Praxis individuell erlebt wird. Basierend auf unseren Analysen [&hellip;]<\/p>\n","protected":false},"author":1,"featured_media":0,"parent":0,"menu_order":0,"comment_status":"closed","ping_status":"closed","template":"","meta":{"_et_pb_use_builder":"on","_et_pb_old_content":"","_et_gb_content_width":"","footnotes":""},"class_list":["post-233","page","type-page","status-publish","hentry"],"_links":{"self":[{"href":"https:\/\/roos-consult.de\/index.php?rest_route=\/wp\/v2\/pages\/233","targetHints":{"allow":["GET"]}}],"collection":[{"href":"https:\/\/roos-consult.de\/index.php?rest_route=\/wp\/v2\/pages"}],"about":[{"href":"https:\/\/roos-consult.de\/index.php?rest_route=\/wp\/v2\/types\/page"}],"author":[{"embeddable":true,"href":"https:\/\/roos-consult.de\/index.php?rest_route=\/wp\/v2\/users\/1"}],"replies":[{"embeddable":true,"href":"https:\/\/roos-consult.de\/index.php?rest_route=%2Fwp%2Fv2%2Fcomments&post=233"}],"version-history":[{"count":17,"href":"https:\/\/roos-consult.de\/index.php?rest_route=\/wp\/v2\/pages\/233\/revisions"}],"predecessor-version":[{"id":598,"href":"https:\/\/roos-consult.de\/index.php?rest_route=\/wp\/v2\/pages\/233\/revisions\/598"}],"wp:attachment":[{"href":"https:\/\/roos-consult.de\/index.php?rest_route=%2Fwp%2Fv2%2Fmedia&parent=233"}],"curies":[{"name":"wp","href":"https:\/\/api.w.org\/{rel}","templated":true}]}}