{"id":226,"date":"2026-02-18T18:37:18","date_gmt":"2026-02-18T17:37:18","guid":{"rendered":"https:\/\/roos-consult.de\/?page_id=226"},"modified":"2026-02-19T13:46:39","modified_gmt":"2026-02-19T12:46:39","slug":"evaluation-beratung","status":"publish","type":"page","link":"https:\/\/roos-consult.de\/?page_id=226","title":{"rendered":"Evaluation &amp;\u00a0Beratung"},"content":{"rendered":"<p>[et_pb_section fb_built=&#8220;1&#8243; admin_label=&#8220;Header&#8220; _builder_version=&#8220;4.24.2&#8243; _module_preset=&#8220;default&#8220; use_background_color_gradient=&#8220;on&#8220; background_color_gradient_direction=&#8220;90deg&#8220; background_color_gradient_stops=&#8220;#292929 25%|rgba(0,0,0,0) 100%&#8220; background_color_gradient_overlays_image=&#8220;on&#8220; background_color_gradient_start=&#8220;#292929&#8243; background_color_gradient_start_position=&#8220;25%&#8220; background_color_gradient_end=&#8220;rgba(0,0,0,0)&#8220; background_image=&#8220;https:\/\/roos-consult.de\/wp-content\/uploads\/2026\/02\/roos-consult-evaluation-und-beratung-teaser-1024&#215;269-1.jpg&#8220; custom_padding=&#8220;||0px||false|false&#8220; global_colors_info=&#8220;{}&#8220;][et_pb_row _builder_version=&#8220;4.16&#8243; _module_preset=&#8220;default&#8220; global_colors_info=&#8220;{}&#8220;][et_pb_column type=&#8220;4_4&#8243; _builder_version=&#8220;4.16&#8243; _module_preset=&#8220;default&#8220; global_colors_info=&#8220;{}&#8220;][et_pb_image src=&#8220;https:\/\/roos-consult.de\/wp-content\/uploads\/2026\/02\/logo_roos_white.png&#8220; title_text=&#8220;logo_roos_white&#8220; _builder_version=&#8220;4.24.2&#8243; _module_preset=&#8220;default&#8220; custom_margin=&#8220;||79px|||&#8220; global_colors_info=&#8220;{}&#8220;][\/et_pb_image][et_pb_text _builder_version=&#8220;4.27.5&#8243; _module_preset=&#8220;53fac924-1644-4f70-a8a0-435df3cf1c52&#8243; header_font=&#8220;ABeeZee|600|||||||&#8220; header_text_color=&#8220;#FFFFFF&#8220; header_font_size=&#8220;65px&#8220; header_line_height=&#8220;1.1em&#8220; width=&#8220;40%&#8220; width_tablet=&#8220;55%&#8220; width_phone=&#8220;49%&#8220; width_last_edited=&#8220;on|tablet&#8220; max_width=&#8220;670px&#8220; header_font_size_tablet=&#8220;50px&#8220; header_font_size_phone=&#8220;24px&#8220; header_font_size_last_edited=&#8220;on|phone&#8220; locked=&#8220;off&#8220; global_colors_info=&#8220;{}&#8220;]<\/p>\n<h1>Evaluation &amp; Beratung<\/h1>\n<p>[\/et_pb_text][\/et_pb_column][\/et_pb_row][\/et_pb_section][et_pb_section fb_built=&#8220;1&#8243; admin_label=&#8220;Services&#8220; _builder_version=&#8220;4.24.2&#8243; _module_preset=&#8220;default&#8220; background_color=&#8220;#272e2e&#8220; custom_padding=&#8220;35px||28px|||&#8220; global_colors_info=&#8220;{}&#8220;][et_pb_row column_structure=&#8220;2_5,3_5&#8243; _builder_version=&#8220;4.16&#8243; _module_preset=&#8220;default&#8220; global_colors_info=&#8220;{}&#8220;][et_pb_column type=&#8220;2_5&#8243; _builder_version=&#8220;4.16&#8243; _module_preset=&#8220;default&#8220; global_colors_info=&#8220;{}&#8220;][et_pb_text _builder_version=&#8220;4.24.2&#8243; _module_preset=&#8220;default&#8220; header_2_font=&#8220;ABeeZee||||||||&#8220; header_2_text_color=&#8220;#FFFFFF&#8220; header_2_font_size=&#8220;30px&#8220; custom_margin=&#8220;||16px|||&#8220; global_colors_info=&#8220;{}&#8220;]<\/p>\n<h2><strong>Evaluation &amp; Beratung<\/strong><\/h2>\n<p>[\/et_pb_text][et_pb_text _builder_version=&#8220;4.24.2&#8243; _module_preset=&#8220;default&#8220; text_font=&#8220;ABeeZee||||||||&#8220; text_text_color=&#8220;#FFFFFF&#8220; text_font_size=&#8220;22px&#8220; custom_margin=&#8220;|-20px||||&#8220; global_colors_info=&#8220;{}&#8220;]<\/p>\n<p><strong>Bewertung von Methoden\/Prozessen<\/strong><\/p>\n<p>[\/et_pb_text][et_pb_text _builder_version=&#8220;4.24.2&#8243; _module_preset=&#8220;default&#8220; text_font=&#8220;ABeeZee||||||||&#8220; text_text_color=&#8220;#FFFFFF&#8220; text_font_size=&#8220;18px&#8220; custom_margin=&#8220;-23px|||||&#8220; global_colors_info=&#8220;{}&#8220;]<\/p>\n<p>Evaluation als Basis zur Optimierung<\/p>\n<p>[\/et_pb_text][et_pb_text _builder_version=&#8220;4.27.5&#8243; _module_preset=&#8220;default&#8220; text_font=&#8220;ABeeZee||||||||&#8220; text_text_color=&#8220;#FFFFFF&#8220; custom_margin=&#8220;32px|||||&#8220; custom_padding=&#8220;5px|||||&#8220; global_colors_info=&#8220;{}&#8220;]<\/p>\n<p>F\u00fcr uns ergibt sich eine gute Beratung aus einer gesunden Mischung von Methodenkompetenz, Fachwissen, Erfahrung und operativer Umsetzungsst\u00e4rke.<\/p>\n<p>Wir begreifen dabei eine sachgerechte Evaluation stets als Grundlage unserer Arbeit: Wir wollen erst verstehen, bevor wir L\u00f6sungen entwickeln. Erst dann lassen sich unsere Erfahrungen aus der Beratung und unser Wissen um aktuelle Forschungsergebnisse zu wertvollen Impulsen kombinieren.<\/p>\n<p>Gerne stellen wir uns dabei komplexen Aufgaben, denn die meisten Problemstellungen sind vernetzt und lassen sich nicht durch einfache L\u00f6sungen \u201cvon der Stange\u201d bew\u00e4ltigen. Zumindest dann nicht, wenn der Erfolg auch langfristig anhalten soll.<\/p>\n<p>[\/et_pb_text][\/et_pb_column][et_pb_column type=&#8220;3_5&#8243; _builder_version=&#8220;4.24.2&#8243; _module_preset=&#8220;default&#8220; global_colors_info=&#8220;{}&#8220;][et_pb_accordion _builder_version=&#8220;4.27.5&#8243; _module_preset=&#8220;default&#8220; toggle_text_color=&#8220;#FFFFFF&#8220; toggle_font=&#8220;ABeeZee|700|||||||&#8220; closed_toggle_font=&#8220;ABeeZee||||||||&#8220; body_font=&#8220;ABeeZee||||||||&#8220; background_color=&#8220;RGBA(255,255,255,0)&#8220; global_colors_info=&#8220;{}&#8220;][et_pb_accordion_item title=&#8220;Leistungen:&#8220; open=&#8220;on&#8220; open_toggle_text_color=&#8220;#272e2e&#8220; _builder_version=&#8220;4.27.5&#8243; _module_preset=&#8220;default&#8220; body_text_color=&#8220;#FFFFFF&#8220; background_color=&#8220;#848484&#8243; background_enable_color=&#8220;on&#8220; global_colors_info=&#8220;{}&#8220; toggle_font_size=&#8220;14px&#8220;][\/et_pb_accordion_item][et_pb_accordion_item title=&#8220;Anforderungsprofile&#8220; _builder_version=&#8220;4.27.5&#8243; _module_preset=&#8220;default&#8220; body_text_color=&#8220;#FFFFFF&#8220; background_color=&#8220;#848484&#8243; background_enable_color=&#8220;on&#8220; global_colors_info=&#8220;{}&#8220; toggle_font_size=&#8220;14px&#8220; open=&#8220;off&#8220;]<\/p>\n<p><span>Gemeinsam mit unseren Kunden entwickeln wir unternehmens- und aufgabenspezifische Anforderungsprofile, die nicht nur verst\u00e4ndlich formuliert, sondern auch messtechnisch solide verankert sind. Hierbei st\u00fctzen wir uns zum einen auf ein breites Erfahrungswissen und bedienen uns zugleich anerkannter Modelle aus der Wissenschaft.\u00a0Ausgangspunkte f\u00fcr die Formulierung solcher Anforderungsprofile sind neben bestehenden Kompetenzmodellen auch grundlegende berufsrelevante Eignungskriterien, die sich auf Grundlage empirischer Forschung f\u00fcr spezifische T\u00e4tigkeiten als Erfolgsfaktoren ergeben haben.<\/span><\/p>\n<p>[\/et_pb_accordion_item][et_pb_accordion_item title=&#8220;Kompetenzmodelle&#8220; _builder_version=&#8220;4.27.5&#8243; _module_preset=&#8220;default&#8220; body_text_color=&#8220;#FFFFFF&#8220; background_color=&#8220;#848484&#8243; background_enable_color=&#8220;on&#8220; global_colors_info=&#8220;{}&#8220; toggle_font_size=&#8220;14px&#8220; open=&#8220;off&#8220;]<\/p>\n<p><span>F\u00fcr das Anwerben, die Auswahl, die Entwicklung, die Karriereberatung und -planung sowie f\u00fcr die Leistungsbeurteilung bilden Kompetenzmodelle eine zweckm\u00e4\u00dfige Basis.<\/span><br \/><span>Gemeinsam mit unseren Kunden erstellen wir solche Kompetenzmodelle, die einerseits die von der Unternehmensf\u00fchrung formulierten Grunds\u00e4tze der Personalstrategie abbilden, andererseits eine sachgerechte \u00dcberf\u00fchrung der beschriebenen Kompetenzen in konkrete Anforderungsprofile zulassen.\u00a0Wir bevorzugen dabei Ans\u00e4tze, die sich nicht nur starr daran orientieren, ob eine Kompetenz erf\u00fcllt wird oder nicht. Vielmehr sollte im Vordergrund stehen, wie die individuelle Auspr\u00e4gung einer Kompetenz inhaltlich zu bewerten ist.<\/span><\/p>\n<p>[\/et_pb_accordion_item][et_pb_accordion_item title=&#8220;Vorauswahl-Systeme&#8220; _builder_version=&#8220;4.27.5&#8243; _module_preset=&#8220;default&#8220; body_text_color=&#8220;#FFFFFF&#8220; background_color=&#8220;#848484&#8243; background_enable_color=&#8220;on&#8220; global_colors_info=&#8220;{}&#8220; toggle_font_size=&#8220;14px&#8220; open=&#8220;off&#8220;]<\/p>\n<p><span>Bei der Kombination geeigneter Vorauswahlinstrumente zu Vorauswahlsystemen orientieren wir uns an den individuellen Bed\u00fcrfnissen des Kunden. Wir entwickeln im partnerschaftlichen Dialog ma\u00dfgeschneiderte L\u00f6sungen unter Beachtung m\u00f6glichst aller f\u00fcr die Auswahl relevanter Faktoren.\u00a0Die Ergebnisse spiegeln wir dabei sowohl an den vom Kunden formulierten Anforderungen als auch an individuell erhobenen Normierungsdaten oder an empirischen Befunden, die auf unserer langj\u00e4hrigen Erfahrung in Forschung und Praxis basieren.<\/span><\/p>\n<p>[\/et_pb_accordion_item][et_pb_accordion_item title=&#8220;Prozess-Beratung&#8220; _builder_version=&#8220;4.27.5&#8243; _module_preset=&#8220;default&#8220; body_text_color=&#8220;#FFFFFF&#8220; background_color=&#8220;#848484&#8243; background_enable_color=&#8220;on&#8220; global_colors_info=&#8220;{}&#8220; toggle_font_size=&#8220;14px&#8220; open=&#8220;off&#8220;]<\/p>\n<p><span>Durch unsere langj\u00e4hrige Erfahrung im Bereich des Personalmanagements (und dar\u00fcber hinaus) sowie auf Basis unseres kumulierten Wissens um verschiedene Organisationen und deren Erfolgstreiber stehen wir gerne beratend zur Seite, wenn innerbetriebliche Abl\u00e4ufe optimiert bzw. modernisiert werden sollen.\u00a0Oft hilft die Sicht von ausserhalb, Faktoren zu identifizieren, die massgeblich zum Erfolg beitragen, jedoch optimiert werden k\u00f6nnten. Jeder Fall ist dabei anders und stellt alle Beteiligten vor neue Fragestellungen. Wir sind Spezialisten im schnellen Erfassen komplexer Fragestellungen und im Aufzeigen konkreter L\u00f6sungsm\u00f6glichkeiten. Wir erstellen dabei nicht nur individuell wirksame Konzepte, sondern setzen diese auf Wunsch auch vor Ort operativ um.<\/span><\/p>\n<p>[\/et_pb_accordion_item][et_pb_accordion_item title=&#8220;HR-Solutions&#8220; _builder_version=&#8220;4.27.5&#8243; _module_preset=&#8220;default&#8220; body_text_color=&#8220;#FFFFFF&#8220; background_color=&#8220;#848484&#8243; background_enable_color=&#8220;on&#8220; global_colors_info=&#8220;{}&#8220; toggle_font_size=&#8220;14px&#8220; open=&#8220;off&#8220;]<\/p>\n<p><span>Das Personal ist bekanntlich Motor und Kapital jedes Unternehmens. Umso wichtiger ist es, durch Produktivit\u00e4ts- und Performancesteigerung im HR-Umfeld die Profitabilit\u00e4t der gesamten Organisation zu steigern und den Begriff \u201cHR-Business-Partnership\u201d dadurch lebendig werden zu lassen.\u00a0Fundierte Erfahrung im Bereich Human Resources macht es uns im Zusammenspiel mit der Anwendung moderner Personal-Instrumente m\u00f6glich, auf die unterschiedlichen Anforderungen der Organisation einzugehen. Auf Basis unserer methodischen Kompetenz und unseres kumulierten Fachwissens beraten wir unsere Kunden bei der Einf\u00fchrung individueller, nachhaltiger und zugleich praxisorientierter L\u00f6sungen im HR-Bereich.<\/span><\/p>\n<p>[\/et_pb_accordion_item][et_pb_accordion_item title=&#8220;Talent-Management&#8220; _builder_version=&#8220;4.27.5&#8243; _module_preset=&#8220;default&#8220; body_text_color=&#8220;#FFFFFF&#8220; background_color=&#8220;#848484&#8243; background_enable_color=&#8220;on&#8220; global_colors_info=&#8220;{}&#8220; toggle_font_size=&#8220;14px&#8220; open=&#8220;off&#8220;]<\/p>\n<p><span>Nicht nur in Zeiten von Personalknappheit ist das fr\u00fchzeitige Erkennen vorhandener Talente innerhalb der bestehenden Belegschaft viel wert. Die professionelle Exploration dieses Wissens wird in der betrieblichen Praxis aber oft nur halb strukturiert umgesetzt oder vergessen. Manche Begabungen und F\u00e4higkeiten von Menschen sind nicht augenf\u00e4llig und erschlie\u00dfen sich nicht immer vollst\u00e4ndig durch zuf\u00e4llige Beobachtungen im Alltag.\u00a0Wir beraten unsere Kunden, wie bestehende Talente im Unternehmen erkannt werden k\u00f6nnen und legen damit die Basis f\u00fcr eine strukturierte und auf validen Befunden aufbauende Personalentwicklungsplanung.<\/span><\/p>\n<p>[\/et_pb_accordion_item][et_pb_accordion_item title=&#8220;Diagnostik-Workshops&#8220; _builder_version=&#8220;4.27.5&#8243; _module_preset=&#8220;default&#8220; body_text_color=&#8220;#FFFFFF&#8220; background_color=&#8220;#848484&#8243; background_enable_color=&#8220;on&#8220; global_colors_info=&#8220;{}&#8220; toggle_font_size=&#8220;14px&#8220; open=&#8220;off&#8220;]<\/p>\n<p><span>Wie f\u00fcr jede Profession gelten auch f\u00fcr eignungsdiagnostische Beurteilungen allgemein g\u00fcltige Standards, die seri\u00f6s operierende Dienstleister schon immer erf\u00fcllen.\u00a0Diese Standards sind in den seit Jahren verbindlichen Vorgaben der DIN 33430 bzw. der ISO 10667-1 und ISO 10667-2 abgebildet. Sie basieren auf kumulierten Methodenwissen, aus dem sich ein Kanon an Handlungsempfehlungen f\u00fcr das Vorgehen bei berufsbezogener Eignungsbeurteilungen ergibt.\u00a0Abgestimmt auf konkrete, operative Anforderungen vermitteln wir unseren Kunden dieses Wissen zur Optimierung der G\u00fcte eigener Personalentscheidungen,\u00a0setzen dar\u00fcber hinaus auf Wunsch aber auch individuelle Schwerpunkte.<\/span><\/p>\n<p>[\/et_pb_accordion_item][et_pb_accordion_item title=&#8220;Interview-Trainings&#8220; _builder_version=&#8220;4.27.5&#8243; _module_preset=&#8220;default&#8220; body_text_color=&#8220;#FFFFFF&#8220; background_color=&#8220;#848484&#8243; background_enable_color=&#8220;on&#8220; global_colors_info=&#8220;{}&#8220; toggle_font_size=&#8220;14px&#8220; open=&#8220;off&#8220;]<\/p>\n<p><span>Das Explorative Interview ist st\u00e4rker qualitativ als quantitativ orientiert. Es lebt vom individuellen Verstehen der interviewten Person und legt weniger Wert auf eine skalenbasierte Bearbeitung standardisierter Fragen-Kataloge. Das Konzept basiert auf wichtigen Erkenntnissen der arbeitspsychologischen Forschung und anerkannten Techniken erfolgreicher Gespr\u00e4chsf\u00fchrung. Die Methode ist einfach, schnell einzu\u00fcben und unmittelbar nach dem Training anwendbar. Sie kann die Treffsicherheit bei der Auswahl von Bewerbern erheblich erh\u00f6hen.\u00a0Das Training richtet sich an Personalverantwortliche aller Hierarchiestufen.<\/span><\/p>\n<p>[\/et_pb_accordion_item][et_pb_accordion_item title=&#8220;Explorations-Trainings&#8220; _builder_version=&#8220;4.27.5&#8243; _module_preset=&#8220;default&#8220; body_text_color=&#8220;#FFFFFF&#8220; background_color=&#8220;#848484&#8243; background_enable_color=&#8220;on&#8220; global_colors_info=&#8220;{}&#8220; toggle_font_size=&#8220;14px&#8220; open=&#8220;off&#8220;]<\/p>\n<p><span>Gerade bei informellen Gespr\u00e4chen k\u00f6nnen Personalverantwortliche in kurzer Zeit pers\u00f6nliche Motive, W\u00fcnsche, Talente und St\u00e4rken anderer erfassen. Der Fokus des Trainings richtet sich erstens auf die Art einer solchen Gespr\u00e4chsf\u00fchrung, zweitens darauf, an den richtigen Stellen nachzufragen und dabei die diagnostisch relevanten \u00c4u\u00dferungen und nicht nur vermeintlich \u201eSpannendes\u201c zu vertiefen. Drittens sollen die explorierten Inhalte den als relevant erachteten Kriterien zugeordnet werden k\u00f6nnen, ohne dass ein standardisierter Fragen-Katalog bearbeitet werden muss.<\/span><br \/><span>Das Training richtet sich zumeist an F\u00fchrungskr\u00e4fte, die den operativen Alltag als Raum f\u00fcr Explorationsgespr\u00e4che nutzen und ihre pers\u00f6nliche Einsch\u00e4tzung zu Talenten und m\u00f6glichen Karrierewegen an sie berichtender Personen sch\u00e4rfen m\u00f6chten.<\/span><\/p>\n<p>[\/et_pb_accordion_item][et_pb_accordion_item title=&#8220;Show-Off-Detection&#8220; _builder_version=&#8220;4.27.5&#8243; _module_preset=&#8220;default&#8220; body_text_color=&#8220;#FFFFFF&#8220; background_color=&#8220;#848484&#8243; background_enable_color=&#8220;on&#8220; global_colors_info=&#8220;{}&#8220; toggle_font_size=&#8220;14px&#8220; open=&#8220;off&#8220;]<\/p>\n<p><span>Methoden professioneller Diagnostik erm\u00f6glichen es, sich nicht von anderen blenden zu lassen. Show-Off-Typen nutzen gerne wiederkehrende Muster in ihrer Kommunikation sowie bei der Darstellung pers\u00f6nliche Erfahrungen, \u00dcberzeugungen und Erfolge. Selbstvermarktung bedient sich meist \u00fcblicher Management-Floskeln, so dass durch eine sachgerechte explorative Evaluation der operative Gehalt des Gesagten aufgedeckt und objektiv eingeordnet werden kann.<\/span><\/p>\n<p>[\/et_pb_accordion_item][\/et_pb_accordion][\/et_pb_column][\/et_pb_row][\/et_pb_section][et_pb_section fb_built=&#8220;1&#8243; admin_label=&#8220;Footer&#8220; _builder_version=&#8220;4.24.2&#8243; _module_preset=&#8220;default&#8220; background_color=&#8220;#848484&#8243; custom_margin=&#8220;-1px|||||&#8220; custom_padding=&#8220;17px||3px|||&#8220; saved_tabs=&#8220;all&#8220; locked=&#8220;off&#8220; global_colors_info=&#8220;{}&#8220;][et_pb_row column_structure=&#8220;1_4,1_4,1_4,1_4&#8243; _builder_version=&#8220;4.24.2&#8243; _module_preset=&#8220;default&#8220; global_colors_info=&#8220;{}&#8220;][et_pb_column type=&#8220;1_4&#8243; _builder_version=&#8220;4.24.2&#8243; _module_preset=&#8220;default&#8220; global_colors_info=&#8220;{}&#8220;][et_pb_text _builder_version=&#8220;4.27.5&#8243; _module_preset=&#8220;default&#8220; header_2_font=&#8220;ABeeZee||||||||&#8220; header_2_text_color=&#8220;#272e2e&#8220; header_2_font_size=&#8220;30px&#8220; custom_margin=&#8220;|-18px|-11px|||&#8220; custom_padding=&#8220;||0px|||&#8220; global_colors_info=&#8220;{}&#8220;]<\/p>\n<h2><strong>Kontakt<\/strong><\/h2>\n<p>[\/et_pb_text][et_pb_divider color=&#8220;#272e2e&#8220; divider_position=&#8220;center&#8220; divider_weight=&#8220;4px&#8220; _builder_version=&#8220;4.24.2&#8243; _module_preset=&#8220;default&#8220; width=&#8220;34%&#8220; global_colors_info=&#8220;{}&#8220;][\/et_pb_divider][\/et_pb_column][et_pb_column type=&#8220;1_4&#8243; _builder_version=&#8220;4.24.2&#8243; _module_preset=&#8220;default&#8220; global_colors_info=&#8220;{}&#8220;][et_pb_text _builder_version=&#8220;4.24.2&#8243; _module_preset=&#8220;default&#8220; text_font=&#8220;ABeeZee||||||||&#8220; text_text_color=&#8220;#272e2e&#8220; text_line_height=&#8220;1em&#8220; custom_margin=&#8220;-2px|||||&#8220; global_colors_info=&#8220;{}&#8220;]<\/p>\n<p><strong>Schiphorst<\/strong><\/p>\n<p>Roos Consult GmbH &amp; Co. KG<\/p>\n<p>Steinhorster Weg 1b<\/p>\n<p>23847 Schiphorst<\/p>\n<p>+49 (0)4536 \/ 80 97 &#8211; 87<\/p>\n<p>info@roos-consult.de<\/p>\n<p>[\/et_pb_text][\/et_pb_column][et_pb_column type=&#8220;1_4&#8243; _builder_version=&#8220;4.24.2&#8243; _module_preset=&#8220;default&#8220; global_colors_info=&#8220;{}&#8220;][et_pb_text _builder_version=&#8220;4.24.2&#8243; _module_preset=&#8220;default&#8220; text_font=&#8220;ABeeZee||||||||&#8220; text_text_color=&#8220;#272e2e&#8220; text_line_height=&#8220;1em&#8220; custom_margin=&#8220;0px|||||&#8220; global_colors_info=&#8220;{}&#8220;]<\/p>\n<p><strong>Hamburg<\/strong><\/p>\n<p>Roos Consult GmbH &amp; Co. KG<\/p>\n<p>Colonnaden 5<\/p>\n<p>20354 Hamburg<\/p>\n<p>+49 (0)40 \/ 333 13 &#8211; 234<\/p>\n<p>info@roos-consult.de<\/p>\n<p>[\/et_pb_text][\/et_pb_column][et_pb_column type=&#8220;1_4&#8243; _builder_version=&#8220;4.24.2&#8243; _module_preset=&#8220;default&#8220; global_colors_info=&#8220;{}&#8220;][et_pb_text _builder_version=&#8220;4.27.5&#8243; _module_preset=&#8220;default&#8220; text_font=&#8220;ABeeZee||||||||&#8220; text_text_color=&#8220;#272e2e&#8220; text_line_height=&#8220;1em&#8220; custom_margin=&#8220;0px|||||&#8220; global_colors_info=&#8220;{}&#8220;]<\/p>\n<p><strong>Sandesneben (nur Konferenz)<\/strong><\/p>\n<p>Roos Consult GmbH &amp; Co. KG<\/p>\n<p>Hauptstrasse 69<\/p>\n<p>23898 Sandesneben<\/p>\n<p>+49 (0)4536 \/ 999 01 &#8211; 98<\/p>\n<p>info@roos-consult.de<\/p>\n<p>[\/et_pb_text][\/et_pb_column][\/et_pb_row][\/et_pb_section][et_pb_section fb_built=&#8220;1&#8243; admin_label=&#8220;Footer&#8220; _builder_version=&#8220;4.27.5&#8243; _module_preset=&#8220;default&#8220; background_color=&#8220;#272e2e&#8220; custom_margin=&#8220;-1px|||||&#8220; custom_padding=&#8220;17px||3px|||&#8220; saved_tabs=&#8220;all&#8220; locked=&#8220;off&#8220; global_colors_info=&#8220;{}&#8220; theme_builder_area=&#8220;post_content&#8220;][et_pb_row column_structure=&#8220;1_4,1_4,1_4,1_4&#8243; _builder_version=&#8220;4.24.2&#8243; _module_preset=&#8220;default&#8220; global_colors_info=&#8220;{}&#8220; theme_builder_area=&#8220;post_content&#8220;][et_pb_column type=&#8220;1_4&#8243; _builder_version=&#8220;4.24.2&#8243; _module_preset=&#8220;default&#8220; global_colors_info=&#8220;{}&#8220; theme_builder_area=&#8220;post_content&#8220;][et_pb_image src=&#8220;https:\/\/roos-consult.de\/wp-content\/uploads\/2026\/02\/logo_roos_white.png&#8220; title_text=&#8220;logo_roos_white&#8220; _builder_version=&#8220;4.27.5&#8243; _module_preset=&#8220;default&#8220; custom_margin=&#8220;2px|||||&#8220; global_colors_info=&#8220;{}&#8220; theme_builder_area=&#8220;post_content&#8220;][\/et_pb_image][\/et_pb_column][et_pb_column type=&#8220;1_4&#8243; _builder_version=&#8220;4.24.2&#8243; _module_preset=&#8220;default&#8220; global_colors_info=&#8220;{}&#8220; theme_builder_area=&#8220;post_content&#8220;][et_pb_text _builder_version=&#8220;4.27.5&#8243; _dynamic_attributes=&#8220;link_option_url&#8220; _module_preset=&#8220;default&#8220; text_font=&#8220;ABeeZee||||||||&#8220; text_text_color=&#8220;#FFFFFF&#8220; text_line_height=&#8220;1em&#8220; custom_margin=&#8220;16px||1px|||&#8220; custom_padding=&#8220;||15px|||&#8220; link_option_url=&#8220;@ET-DC@eyJkeW5hbWljIjp0cnVlLCJjb250ZW50IjoicG9zdF9saW5rX3VybF9wYWdlIiwic2V0dGluZ3MiOnsicG9zdF9pZCI6IjM4NyJ9fQ==@&#8220; global_colors_info=&#8220;{}&#8220; theme_builder_area=&#8220;post_content&#8220;]<\/p>\n<p>FAQ<\/p>\n<p>[\/et_pb_text][et_pb_text _builder_version=&#8220;4.27.5&#8243; _dynamic_attributes=&#8220;link_option_url&#8220; _module_preset=&#8220;default&#8220; text_font=&#8220;ABeeZee||||||||&#8220; text_text_color=&#8220;#FFFFFF&#8220; text_line_height=&#8220;1em&#8220; custom_margin=&#8220;-1px||8px|||&#8220; custom_padding=&#8220;||15px|||&#8220; link_option_url=&#8220;@ET-DC@eyJkeW5hbWljIjp0cnVlLCJjb250ZW50IjoicG9zdF9saW5rX3VybF9wYWdlIiwic2V0dGluZ3MiOnsicG9zdF9pZCI6IjQ4NyJ9fQ==@&#8220; global_colors_info=&#8220;{}&#8220; theme_builder_area=&#8220;post_content&#8220;]<\/p>\n<p>Mitgliedschaften<\/p>\n<p>[\/et_pb_text][et_pb_text _builder_version=&#8220;4.27.5&#8243; _dynamic_attributes=&#8220;link_option_url&#8220; _module_preset=&#8220;default&#8220; text_font=&#8220;ABeeZee||||||||&#8220; text_text_color=&#8220;#FFFFFF&#8220; text_line_height=&#8220;1em&#8220; custom_margin=&#8220;-7px||8px|||&#8220; custom_padding=&#8220;||15px|||&#8220; link_option_url=&#8220;@ET-DC@eyJkeW5hbWljIjp0cnVlLCJjb250ZW50IjoicG9zdF9saW5rX3VybF9wYWdlIiwic2V0dGluZ3MiOnsicG9zdF9pZCI6IjQ5NyJ9fQ==@&#8220; global_colors_info=&#8220;{}&#8220; theme_builder_area=&#8220;post_content&#8220;]<\/p>\n<p>Datenschutz<\/p>\n<p>[\/et_pb_text][et_pb_text _builder_version=&#8220;4.27.5&#8243; _dynamic_attributes=&#8220;link_option_url&#8220; _module_preset=&#8220;default&#8220; text_font=&#8220;ABeeZee||||||||&#8220; text_text_color=&#8220;#FFFFFF&#8220; text_line_height=&#8220;1em&#8220; custom_margin=&#8220;-9px||8px|||&#8220; custom_padding=&#8220;||15px|||&#8220; link_option_url=&#8220;@ET-DC@eyJkeW5hbWljIjp0cnVlLCJjb250ZW50IjoicG9zdF9saW5rX3VybF9wYWdlIiwic2V0dGluZ3MiOnsicG9zdF9pZCI6IjUxNCJ9fQ==@&#8220; global_colors_info=&#8220;{}&#8220; theme_builder_area=&#8220;post_content&#8220;]<\/p>\n<p>Impressum<\/p>\n<p>[\/et_pb_text][\/et_pb_column][et_pb_column type=&#8220;1_4&#8243; _builder_version=&#8220;4.24.2&#8243; _module_preset=&#8220;default&#8220; global_colors_info=&#8220;{}&#8220; theme_builder_area=&#8220;post_content&#8220;][\/et_pb_column][et_pb_column type=&#8220;1_4&#8243; _builder_version=&#8220;4.24.2&#8243; _module_preset=&#8220;default&#8220; global_colors_info=&#8220;{}&#8220; theme_builder_area=&#8220;post_content&#8220;][\/et_pb_column][\/et_pb_row][\/et_pb_section]<\/p>\n","protected":false},"excerpt":{"rendered":"<p>Evaluation &amp; BeratungEvaluation &amp; BeratungBewertung von Methoden\/ProzessenEvaluation als Basis zur OptimierungF\u00fcr uns ergibt sich eine gute Beratung aus einer gesunden Mischung von Methodenkompetenz, Fachwissen, Erfahrung und operativer Umsetzungsst\u00e4rke. Wir begreifen dabei eine sachgerechte Evaluation stets als Grundlage unserer Arbeit: Wir wollen erst verstehen, bevor wir L\u00f6sungen entwickeln. Erst dann lassen sich unsere Erfahrungen aus der [&hellip;]<\/p>\n","protected":false},"author":1,"featured_media":0,"parent":0,"menu_order":0,"comment_status":"closed","ping_status":"closed","template":"","meta":{"_et_pb_use_builder":"on","_et_pb_old_content":"","_et_gb_content_width":"","footnotes":""},"class_list":["post-226","page","type-page","status-publish","hentry"],"_links":{"self":[{"href":"https:\/\/roos-consult.de\/index.php?rest_route=\/wp\/v2\/pages\/226","targetHints":{"allow":["GET"]}}],"collection":[{"href":"https:\/\/roos-consult.de\/index.php?rest_route=\/wp\/v2\/pages"}],"about":[{"href":"https:\/\/roos-consult.de\/index.php?rest_route=\/wp\/v2\/types\/page"}],"author":[{"embeddable":true,"href":"https:\/\/roos-consult.de\/index.php?rest_route=\/wp\/v2\/users\/1"}],"replies":[{"embeddable":true,"href":"https:\/\/roos-consult.de\/index.php?rest_route=%2Fwp%2Fv2%2Fcomments&post=226"}],"version-history":[{"count":17,"href":"https:\/\/roos-consult.de\/index.php?rest_route=\/wp\/v2\/pages\/226\/revisions"}],"predecessor-version":[{"id":561,"href":"https:\/\/roos-consult.de\/index.php?rest_route=\/wp\/v2\/pages\/226\/revisions\/561"}],"wp:attachment":[{"href":"https:\/\/roos-consult.de\/index.php?rest_route=%2Fwp%2Fv2%2Fmedia&parent=226"}],"curies":[{"name":"wp","href":"https:\/\/api.w.org\/{rel}","templated":true}]}}